{"id":928436,"date":"2026-04-07T15:44:17","date_gmt":"2026-04-07T14:44:17","guid":{"rendered":"https:\/\/www.shelter-manufacture.com\/?post_type=product&#038;p=928436"},"modified":"2026-04-08T14:09:11","modified_gmt":"2026-04-08T13:09:11","slug":"auza-copie","status":"publish","type":"product","link":"https:\/\/www.shelter-manufacture.com\/en\/produit\/auza-copie\/","title":{"rendered":"Auza (Copie)"},"content":{"rendered":"<div class=\"wpb-content-wrapper\">[vc_row][vc_column max_width_align=&#8221;centered&#8221; max_width=&#8221;680px&#8221;][vc_empty_space height=&#8221;30px&#8221;][\/vc_column][\/vc_row][vc_row equal_height=&#8221;yes&#8221; content_placement=&#8221;middle&#8221;][vc_column width=&#8221;1\/3&#8243; align_content=&#8221;right&#8221; max_width_align_tablet=&#8221;centered&#8221; max_width_align_mobile=&#8221;centered&#8221; max_width_align_small=&#8221;centered&#8221; max_width=&#8221;380px&#8221;][vc_column_text css=&#8221;&#8221; css_animation=&#8221;av5-fadeInLeft-long&#8221;]\n<h3 class=\"av5-horizontal-line-after\" style=\"font-size: 24px;color: #bfa37e;line-height: 1.4\">Made in France<\/h3>\n<article class=\"text-token-text-primary w-full focus:outline-none [--shadow-height:45px] has-data-writing-block:pointer-events-none has-data-writing-block:-mt-(--shadow-height) has-data-writing-block:pt-(--shadow-height) [&amp;:has([data-writing-block])&gt;*]:pointer-events-auto scroll-mt-(--header-height)\" dir=\"auto\" data-turn-id=\"ca0568ec-3c9e-4c5b-8911-8bc3c521ac3d\" data-testid=\"conversation-turn-1\" data-scroll-anchor=\"false\" data-turn=\"user\"><\/article>\n<article class=\"text-token-text-primary w-full focus:outline-none [--shadow-height:45px] has-data-writing-block:pointer-events-none has-data-writing-block:-mt-(--shadow-height) has-data-writing-block:pt-(--shadow-height) [&amp;:has([data-writing-block])&gt;*]:pointer-events-auto scroll-mt-[calc(var(--header-height)+min(200px,max(70px,20svh)))]\" dir=\"auto\" data-turn-id=\"request-WEB:5c2502bc-bffc-4a4b-9407-0a6aef8d1bb2-0\" data-testid=\"conversation-turn-2\" data-scroll-anchor=\"true\" data-turn=\"assistant\">\n<div class=\"text-base my-auto mx-auto pb-10 [--thread-content-margin:var(--thread-content-margin-xs,calc(var(--spacing)*4))] @w-sm\/main:[--thread-content-margin:var(--thread-content-margin-sm,calc(var(--spacing)*6))] @w-lg\/main:[--thread-content-margin:var(--thread-content-margin-lg,calc(var(--spacing)*16))] px-(--thread-content-margin)\">\n<div class=\"[--thread-content-max-width:40rem] @w-lg\/main:[--thread-content-max-width:48rem] mx-auto max-w-(--thread-content-max-width) flex-1 group\/turn-messages focus-visible:outline-hidden relative flex w-full min-w-0 flex-col agent-turn\">\n<div class=\"flex max-w-full flex-col gap-4 grow\">\n<div class=\"min-h-8 text-message relative flex w-full flex-col items-end gap-2 text-start break-words whitespace-normal [.text-message+&amp;]:mt-1\" dir=\"auto\" data-message-author-role=\"assistant\" data-message-id=\"2ea7e8ae-fe10-4fc3-abb1-9218461c6557\" data-message-model-slug=\"gpt-5-3\">\n<div class=\"flex w-full flex-col gap-1 empty:hidden\">\n<div class=\"markdown prose dark:prose-invert w-full wrap-break-word light markdown-new-styling\">\n<p data-start=\"0\" data-end=\"214\" data-is-last-node=\"\" data-is-only-node=\"\">Because we are convinced that French eyewear craftsmanship is a unique heritage and a guarantee of quality, all of our wooden prescription glasses and wooden sunglasses are produced between Annecy and the Jura.<\/p>\n<\/div>\n<\/div>\n<\/div>\n<\/div>\n<\/div>\n<\/div>\n<\/article>\n[\/vc_column_text][vc_empty_space height=&#8221;45px&#8221;][vc_column_text css=&#8221;&#8221; css_animation=&#8221;av5-fadeInRight-long&#8221; anim_delay=&#8221;300&#8243;]\n<h3 style=\"font-size: 24px;color: #bfa37e;line-height: 1.4\">Lenses<\/h3>\n<p>Premium Dalloz sun lenses \u2013 made in France. Category 3 \u2013 100% UVA\/UVB protection \u2013 with hydrophobic, oleophobic and anti-reflective coating.[\/vc_column_text][\/vc_column][vc_column width=&#8221;1\/3&#8243; align_content=&#8221;center&#8221;][vc_column_text css_animation=&#8221;av5-fadeInUp-long&#8221;]<img loading=\"lazy\" decoding=\"async\" class=\"aligncenter size-full wp-image-12056\" src=\"https:\/\/www.shelter-manufacture.com\/wp-content\/uploads\/2021\/01\/norguet-production-france.png\" alt=\"\" width=\"373\" height=\"557\" \/>[\/vc_column_text][\/vc_column][vc_column width=&#8221;1\/3&#8243; max_width_align=&#8221;right&#8221; max_width_align_tablet=&#8221;centered&#8221; max_width_align_mobile=&#8221;centered&#8221; max_width_align_small=&#8221;centered&#8221; max_width=&#8221;380px&#8221;][vc_column_text css=&#8221;&#8221; css_animation=&#8221;av5-fadeInRight-long&#8221; anim_delay=&#8221;100&#8243;]\n<h3 class=\"av5-horizontal-line-before\" style=\"font-size: 24px;color: #bfa37e;line-height: 1.4\">Short production cycle<\/h3>\n<p>Shelter prioritizes quality, as well as controlled and responsible production. Controlled, because all our artisans operate in a short supply chain between Ain and the Jura to minimize the environmental impact of transportation. Responsible, because we produce on a just-in-time basis to avoid any overstock.[\/vc_column_text][vc_empty_space height=&#8221;45px&#8221;][vc_column_text css=&#8221;&#8221; css_animation=&#8221;av5-fadeInRight-long&#8221; anim_delay=&#8221;300&#8243;]\n<h3 class=\"av5-horizontal-line-before\" style=\"font-size: 24px;color: #bfa37e;line-height: 1.4\">Materials Used<\/h3>\n<p>All the glasses in the Fusion range are produced using noble materials:<\/p>\n<ul>\n<li>The precious woods are 100% natural, without any processing chemicals.<\/li>\n<li>The chosen metal is a high-quality stainless surgical steel that is strong and lightweight.<\/li>\n<\/ul>\n[\/vc_column_text][\/vc_column][\/vc_row]\n<\/div>","protected":false},"excerpt":{"rendered":"<p style=\"text-align: left\"><strong><span style=\"color: #bea17d\">Kostaldea Collection by Jean-Baptiste Fastrez<\/span><\/strong><\/p>\n<p><span class=\"limited\">LIMITED PRODUCTION OF 250 PIECES<\/span><\/p>\n<p>Auza finds its balance between strength and softness. Its clean lines and harmonious curves give it a universal appeal, both contemporary and timeless. A truly unisex frame by nature, it naturally adapts to every face, revealing a style that is understated, precise, and full of character.<\/p>\n<p><strong>Size : 48 \u25a1 20 | 145<\/strong><\/p>\n","protected":false},"featured_media":928444,"template":"","meta":[],"product_brand":[],"product_cat":[301,279],"product_tag":[],"class_list":{"0":"post-928436","1":"product","2":"type-product","3":"status-publish","4":"has-post-thumbnail","6":"product_cat-the-rencontre-sunglasses-collection","7":"product_cat-lunette-de-soleil-en-bois-en","9":"first","10":"instock","11":"featured","12":"shipping-taxable","13":"purchasable","14":"product-type-variable"},"yoast_head":"<!-- This site is optimized with the Yoast SEO plugin v27.1.1 - https:\/\/yoast.com\/product\/yoast-seo-wordpress\/ -->\n<title>Auza (Copie) - Shelter - Lunettes en bois - Cr\u00e9ateur Lunetier<\/title>\n<meta name=\"description\" content=\"De cette monture se d\u00e9gage une grande \u00e9pure. La multiplication des d\u00e9tails vient rythmer la l\u00e9g\u00e8ret\u00e9 des formes sobres, et insuffler \u00e0 cette lunette un caract\u00e8re r\u00e9tro-intello.\" \/>\n<meta name=\"robots\" content=\"index, follow, max-snippet:-1, max-image-preview:large, max-video-preview:-1\" \/>\n<link rel=\"canonical\" href=\"https:\/\/www.shelter-manufacture.com\/en\/produit\/auza-copie\/\" \/>\n<meta property=\"og:locale\" content=\"en_US\" \/>\n<meta property=\"og:type\" content=\"article\" \/>\n<meta property=\"og:title\" content=\"Auza (Copie) - Shelter - Lunettes en bois - Cr\u00e9ateur Lunetier\" \/>\n<meta property=\"og:description\" content=\"De cette monture se d\u00e9gage une grande \u00e9pure. La multiplication des d\u00e9tails vient rythmer la l\u00e9g\u00e8ret\u00e9 des formes sobres, et insuffler \u00e0 cette lunette un caract\u00e8re r\u00e9tro-intello.\" \/>\n<meta property=\"og:url\" content=\"https:\/\/www.shelter-manufacture.com\/en\/produit\/auza-copie\/\" \/>\n<meta property=\"og:site_name\" content=\"Shelter - Lunettes en bois - Cr\u00e9ateur Lunetier\" \/>\n<meta property=\"article:modified_time\" content=\"2026-04-08T13:09:11+00:00\" \/>\n<meta property=\"og:image\" content=\"https:\/\/www.shelter-manufacture.com\/wp-content\/uploads\/2026\/04\/kelly-ecaille-scaled.jpg\" \/>\n\t<meta property=\"og:image:width\" content=\"2560\" \/>\n\t<meta property=\"og:image:height\" content=\"2560\" \/>\n\t<meta property=\"og:image:type\" content=\"image\/jpeg\" \/>\n<meta name=\"twitter:card\" content=\"summary_large_image\" \/>\n<meta name=\"twitter:label1\" content=\"Est. reading time\" \/>\n\t<meta name=\"twitter:data1\" content=\"2 minutes\" \/>\n<script type=\"application\/ld+json\" class=\"yoast-schema-graph\">{\"@context\":\"https:\/\/schema.org\",\"@graph\":[{\"@type\":\"WebPage\",\"@id\":\"https:\/\/www.shelter-manufacture.com\/en\/produit\/auza-copie\/\",\"url\":\"https:\/\/www.shelter-manufacture.com\/en\/produit\/auza-copie\/\",\"name\":\"Auza (Copie) - Shelter - Lunettes en bois - Cr\u00e9ateur Lunetier\",\"isPartOf\":{\"@id\":\"https:\/\/www.shelter-manufacture.com\/#website\"},\"primaryImageOfPage\":{\"@id\":\"https:\/\/www.shelter-manufacture.com\/en\/produit\/auza-copie\/#primaryimage\"},\"image\":{\"@id\":\"https:\/\/www.shelter-manufacture.com\/en\/produit\/auza-copie\/#primaryimage\"},\"thumbnailUrl\":\"https:\/\/www.shelter-manufacture.com\/wp-content\/uploads\/2026\/04\/kelly-ecaille-scaled.jpg\",\"datePublished\":\"2026-04-07T14:44:17+00:00\",\"dateModified\":\"2026-04-08T13:09:11+00:00\",\"description\":\"De cette monture se d\u00e9gage une grande \u00e9pure. La multiplication des d\u00e9tails vient rythmer la l\u00e9g\u00e8ret\u00e9 des formes sobres, et insuffler \u00e0 cette lunette un caract\u00e8re r\u00e9tro-intello.\",\"breadcrumb\":{\"@id\":\"https:\/\/www.shelter-manufacture.com\/en\/produit\/auza-copie\/#breadcrumb\"},\"inLanguage\":\"en-US\",\"potentialAction\":[{\"@type\":\"ReadAction\",\"target\":[\"https:\/\/www.shelter-manufacture.com\/en\/produit\/auza-copie\/\"]}]},{\"@type\":\"ImageObject\",\"inLanguage\":\"en-US\",\"@id\":\"https:\/\/www.shelter-manufacture.com\/en\/produit\/auza-copie\/#primaryimage\",\"url\":\"https:\/\/www.shelter-manufacture.com\/wp-content\/uploads\/2026\/04\/kelly-ecaille-scaled.jpg\",\"contentUrl\":\"https:\/\/www.shelter-manufacture.com\/wp-content\/uploads\/2026\/04\/kelly-ecaille-scaled.jpg\",\"width\":2560,\"height\":2560},{\"@type\":\"BreadcrumbList\",\"@id\":\"https:\/\/www.shelter-manufacture.com\/en\/produit\/auza-copie\/#breadcrumb\",\"itemListElement\":[{\"@type\":\"ListItem\",\"position\":1,\"name\":\"Home\",\"item\":\"https:\/\/www.shelter-manufacture.com\/en\/\"},{\"@type\":\"ListItem\",\"position\":2,\"name\":\"Shop\",\"item\":\"https:\/\/www.shelter-manufacture.com\/en\/shop-2\/\"},{\"@type\":\"ListItem\",\"position\":3,\"name\":\"Auza (Copie)\"}]},{\"@type\":\"WebSite\",\"@id\":\"https:\/\/www.shelter-manufacture.com\/#website\",\"url\":\"https:\/\/www.shelter-manufacture.com\/\",\"name\":\"Shelter - Lunettes en bois - Cr\u00e9ateur Lunetier\",\"description\":\"Lunettes de soleil en bois - Lunettes optique en bois\",\"potentialAction\":[{\"@type\":\"SearchAction\",\"target\":{\"@type\":\"EntryPoint\",\"urlTemplate\":\"https:\/\/www.shelter-manufacture.com\/?s={search_term_string}\"},\"query-input\":{\"@type\":\"PropertyValueSpecification\",\"valueRequired\":true,\"valueName\":\"search_term_string\"}}],\"inLanguage\":\"en-US\"}]}<\/script>\n<!-- \/ Yoast SEO plugin. -->","yoast_head_json":{"title":"Auza (Copie) - Shelter - Lunettes en bois - Cr\u00e9ateur Lunetier","description":"De cette monture se d\u00e9gage une grande \u00e9pure. La multiplication des d\u00e9tails vient rythmer la l\u00e9g\u00e8ret\u00e9 des formes sobres, et insuffler \u00e0 cette lunette un caract\u00e8re r\u00e9tro-intello.","robots":{"index":"index","follow":"follow","max-snippet":"max-snippet:-1","max-image-preview":"max-image-preview:large","max-video-preview":"max-video-preview:-1"},"canonical":"https:\/\/www.shelter-manufacture.com\/en\/produit\/auza-copie\/","og_locale":"en_US","og_type":"article","og_title":"Auza (Copie) - Shelter - Lunettes en bois - Cr\u00e9ateur Lunetier","og_description":"De cette monture se d\u00e9gage une grande \u00e9pure. La multiplication des d\u00e9tails vient rythmer la l\u00e9g\u00e8ret\u00e9 des formes sobres, et insuffler \u00e0 cette lunette un caract\u00e8re r\u00e9tro-intello.","og_url":"https:\/\/www.shelter-manufacture.com\/en\/produit\/auza-copie\/","og_site_name":"Shelter - Lunettes en bois - Cr\u00e9ateur Lunetier","article_modified_time":"2026-04-08T13:09:11+00:00","og_image":[{"width":2560,"height":2560,"url":"https:\/\/www.shelter-manufacture.com\/wp-content\/uploads\/2026\/04\/kelly-ecaille-scaled.jpg","type":"image\/jpeg"}],"twitter_card":"summary_large_image","twitter_misc":{"Est. reading time":"2 minutes"},"schema":{"@context":"https:\/\/schema.org","@graph":[{"@type":"WebPage","@id":"https:\/\/www.shelter-manufacture.com\/en\/produit\/auza-copie\/","url":"https:\/\/www.shelter-manufacture.com\/en\/produit\/auza-copie\/","name":"Auza (Copie) - Shelter - Lunettes en bois - Cr\u00e9ateur Lunetier","isPartOf":{"@id":"https:\/\/www.shelter-manufacture.com\/#website"},"primaryImageOfPage":{"@id":"https:\/\/www.shelter-manufacture.com\/en\/produit\/auza-copie\/#primaryimage"},"image":{"@id":"https:\/\/www.shelter-manufacture.com\/en\/produit\/auza-copie\/#primaryimage"},"thumbnailUrl":"https:\/\/www.shelter-manufacture.com\/wp-content\/uploads\/2026\/04\/kelly-ecaille-scaled.jpg","datePublished":"2026-04-07T14:44:17+00:00","dateModified":"2026-04-08T13:09:11+00:00","description":"De cette monture se d\u00e9gage une grande \u00e9pure. La multiplication des d\u00e9tails vient rythmer la l\u00e9g\u00e8ret\u00e9 des formes sobres, et insuffler \u00e0 cette lunette un caract\u00e8re r\u00e9tro-intello.","breadcrumb":{"@id":"https:\/\/www.shelter-manufacture.com\/en\/produit\/auza-copie\/#breadcrumb"},"inLanguage":"en-US","potentialAction":[{"@type":"ReadAction","target":["https:\/\/www.shelter-manufacture.com\/en\/produit\/auza-copie\/"]}]},{"@type":"ImageObject","inLanguage":"en-US","@id":"https:\/\/www.shelter-manufacture.com\/en\/produit\/auza-copie\/#primaryimage","url":"https:\/\/www.shelter-manufacture.com\/wp-content\/uploads\/2026\/04\/kelly-ecaille-scaled.jpg","contentUrl":"https:\/\/www.shelter-manufacture.com\/wp-content\/uploads\/2026\/04\/kelly-ecaille-scaled.jpg","width":2560,"height":2560},{"@type":"BreadcrumbList","@id":"https:\/\/www.shelter-manufacture.com\/en\/produit\/auza-copie\/#breadcrumb","itemListElement":[{"@type":"ListItem","position":1,"name":"Home","item":"https:\/\/www.shelter-manufacture.com\/en\/"},{"@type":"ListItem","position":2,"name":"Shop","item":"https:\/\/www.shelter-manufacture.com\/en\/shop-2\/"},{"@type":"ListItem","position":3,"name":"Auza (Copie)"}]},{"@type":"WebSite","@id":"https:\/\/www.shelter-manufacture.com\/#website","url":"https:\/\/www.shelter-manufacture.com\/","name":"Shelter - Lunettes en bois - Cr\u00e9ateur Lunetier","description":"Lunettes de soleil en bois - Lunettes optique en bois","potentialAction":[{"@type":"SearchAction","target":{"@type":"EntryPoint","urlTemplate":"https:\/\/www.shelter-manufacture.com\/?s={search_term_string}"},"query-input":{"@type":"PropertyValueSpecification","valueRequired":true,"valueName":"search_term_string"}}],"inLanguage":"en-US"}]}},"_links":{"self":[{"href":"https:\/\/www.shelter-manufacture.com\/en\/wp-json\/wp\/v2\/product\/928436","targetHints":{"allow":["GET"]}}],"collection":[{"href":"https:\/\/www.shelter-manufacture.com\/en\/wp-json\/wp\/v2\/product"}],"about":[{"href":"https:\/\/www.shelter-manufacture.com\/en\/wp-json\/wp\/v2\/types\/product"}],"wp:featuredmedia":[{"embeddable":true,"href":"https:\/\/www.shelter-manufacture.com\/en\/wp-json\/wp\/v2\/media\/928444"}],"wp:attachment":[{"href":"https:\/\/www.shelter-manufacture.com\/en\/wp-json\/wp\/v2\/media?parent=928436"}],"wp:term":[{"taxonomy":"product_brand","embeddable":true,"href":"https:\/\/www.shelter-manufacture.com\/en\/wp-json\/wp\/v2\/product_brand?post=928436"},{"taxonomy":"product_cat","embeddable":true,"href":"https:\/\/www.shelter-manufacture.com\/en\/wp-json\/wp\/v2\/product_cat?post=928436"},{"taxonomy":"product_tag","embeddable":true,"href":"https:\/\/www.shelter-manufacture.com\/en\/wp-json\/wp\/v2\/product_tag?post=928436"}],"curies":[{"name":"wp","href":"https:\/\/api.w.org\/{rel}","templated":true}]}}