{"id":927769,"date":"2019-12-13T09:00:27","date_gmt":"2019-12-13T08:00:27","guid":{"rendered":"https:\/\/www.shelter-manufacture.com\/produit\/gabrielle-branches-metal\/"},"modified":"2026-03-18T14:25:45","modified_gmt":"2026-03-18T13:25:45","slug":"gabrielle-branches-metal","status":"publish","type":"product","link":"https:\/\/www.shelter-manufacture.com\/en\/produit\/gabrielle-branches-metal\/","title":{"rendered":"Gabrielle &#8211; Metal temples"},"content":{"rendered":"<div class=\"wpb-content-wrapper\">[vc_row][vc_column max_width_align=&#8221;centered&#8221; max_width=&#8221;680px&#8221;][vc_empty_space height=&#8221;30px&#8221;][vc_column_text css=&#8221;&#8221; css_animation=&#8221;av5-fadeInUp-long&#8221;]\n<p style=\"text-align: center\"><span style=\"color: #bfa37e\">SHELTER<\/span>\u00a0 \u00a0<span style=\"color: #d9d9d9\">|<\/span>\u00a0 \u00a0<span style=\"color: #bfa37e\">Our Transparency Charter<\/span><\/p>\n[\/vc_column_text][vc_column_text css=&#8221;&#8221; css_animation=&#8221;av5-fadeInUp-long&#8221; anim_delay=&#8221;100&#8243;]\n<h3 style=\"text-align: center;font-size: 24px\">Our approach is shaped by respect for the artisans who craft our product and for the environment in which they work.<\/h3>\n[\/vc_column_text][\/vc_column][\/vc_row][vc_row][vc_column][vc_tta_accordion c_align=&#8221;center&#8221; active_section=&#8221;&#8221; style=&#8221;flat&#8221; shape=&#8221;square&#8221; color=&#8221;white&#8221;][vc_tta_section title=&#8221;PRODUCT DETAILS&#8221; tab_id=&#8221;details-produit04d5-ef23&#8243;][vc_row_inner][vc_column_inner width=&#8221;1\/3&#8243;][vc_column_text]<img loading=\"lazy\" decoding=\"async\" class=\"aligncenter size-full wp-image-11088\" src=\"https:\/\/www.shelter-manufacture.com\/wp-content\/uploads\/2020\/01\/plaquettes-nez-shelter.png\" alt=\"\" width=\"451\" height=\"278\" \/>[\/vc_column_text][vc_column_text css=&#8221;&#8221; css_animation=&#8221;av5-fadeInLeft-long&#8221;]\n<h3 class=\"av5-horizontal-line-after\" style=\"font-size: 24px;color: #bfa37e;line-height: 1.4\">Titanium nose pads<\/h3>\n[\/vc_column_text][\/vc_column_inner][vc_column_inner width=&#8221;2\/3&#8243;][vc_column_text]<img loading=\"lazy\" decoding=\"async\" class=\"aligncenter size-full wp-image-11087\" src=\"https:\/\/www.shelter-manufacture.com\/wp-content\/uploads\/2020\/01\/packaging-shelter.png\" alt=\"\" width=\"751\" height=\"497\" srcset=\"https:\/\/www.shelter-manufacture.com\/wp-content\/uploads\/2020\/01\/packaging-shelter.png 751w, https:\/\/www.shelter-manufacture.com\/wp-content\/uploads\/2020\/01\/packaging-shelter-619x410.png 619w\" sizes=\"auto, (max-width: 751px) 100vw, 751px\" \/>[\/vc_column_text][\/vc_column_inner][\/vc_row_inner][\/vc_tta_section][vc_tta_section title=&#8221;DIMENSIONS&#8221; tab_id=&#8221;dimensions04d5-ef23&#8243;][vc_row_inner][vc_column_inner width=&#8221;1\/5&#8243;][\/vc_column_inner][vc_column_inner width=&#8221;1\/5&#8243;][vc_column_text]<img loading=\"lazy\" decoding=\"async\" class=\"aligncenter size-full wp-image-11101\" src=\"https:\/\/www.shelter-manufacture.com\/wp-content\/uploads\/2019\/12\/gabrielle_Plan-de-travail-1.png\" alt=\"\" width=\"1166\" height=\"457\" srcset=\"https:\/\/www.shelter-manufacture.com\/wp-content\/uploads\/2019\/12\/gabrielle_Plan-de-travail-1.png 1166w, https:\/\/www.shelter-manufacture.com\/wp-content\/uploads\/2019\/12\/gabrielle_Plan-de-travail-1-619x243.png 619w, https:\/\/www.shelter-manufacture.com\/wp-content\/uploads\/2019\/12\/gabrielle_Plan-de-travail-1-768x301.png 768w\" sizes=\"auto, (max-width: 1166px) 100vw, 1166px\" \/>[\/vc_column_text][vc_column_text css=&#8221;&#8221;]\n<div class=\"op-pdp__sizing-text\" style=\"text-align: center\">Frame Width \/ Frame Height:<\/div>\n<div class=\"op-pdp__sizing-text\" style=\"text-align: center\"><strong><span id=\"op-pdp__sizing-lens\" class=\"op-pdp__sizing-info\">130<\/span> <span class=\"op-pdp__sizing-info\">mm \/<\/span> <span id=\"op-pdp__sizing-lens-height\" class=\"op-pdp__sizing-info\">49.7<\/span> <span class=\"op-pdp__sizing-info\">mm<\/span><\/strong><\/div>\n[\/vc_column_text][\/vc_column_inner][vc_column_inner width=&#8221;1\/5&#8243;][vc_column_text]<img loading=\"lazy\" decoding=\"async\" class=\"aligncenter size-full wp-image-11100\" src=\"https:\/\/www.shelter-manufacture.com\/wp-content\/uploads\/2019\/12\/gabrielle_Plan-de-travail-1-copie.png\" alt=\"\" width=\"1166\" height=\"457\" srcset=\"https:\/\/www.shelter-manufacture.com\/wp-content\/uploads\/2019\/12\/gabrielle_Plan-de-travail-1-copie.png 1166w, https:\/\/www.shelter-manufacture.com\/wp-content\/uploads\/2019\/12\/gabrielle_Plan-de-travail-1-copie-619x243.png 619w, https:\/\/www.shelter-manufacture.com\/wp-content\/uploads\/2019\/12\/gabrielle_Plan-de-travail-1-copie-768x301.png 768w\" sizes=\"auto, (max-width: 1166px) 100vw, 1166px\" \/>[\/vc_column_text][vc_column_text css=&#8221;&#8221;]\n<div class=\"op-pdp__sizing-text\" style=\"text-align: center\">Bridge Width:<\/div>\n<div class=\"op-pdp__sizing-text\" style=\"text-align: center\"><strong><span id=\"op-pdp__sizing-lens-height\" class=\"op-pdp__sizing-info\">18.5<\/span> <span class=\"op-pdp__sizing-info\">mm<\/span><\/strong><\/div>\n[\/vc_column_text][\/vc_column_inner][vc_column_inner width=&#8221;1\/5&#8243;][vc_column_text]<img loading=\"lazy\" decoding=\"async\" class=\"aligncenter size-full wp-image-11093\" src=\"https:\/\/www.shelter-manufacture.com\/wp-content\/uploads\/2020\/01\/dimension-branche_Plan-de-travail-1-copie-3.png\" alt=\"\" width=\"1166\" height=\"457\" srcset=\"https:\/\/www.shelter-manufacture.com\/wp-content\/uploads\/2020\/01\/dimension-branche_Plan-de-travail-1-copie-3.png 1166w, https:\/\/www.shelter-manufacture.com\/wp-content\/uploads\/2020\/01\/dimension-branche_Plan-de-travail-1-copie-3-619x243.png 619w, https:\/\/www.shelter-manufacture.com\/wp-content\/uploads\/2020\/01\/dimension-branche_Plan-de-travail-1-copie-3-768x301.png 768w\" sizes=\"auto, (max-width: 1166px) 100vw, 1166px\" \/>[\/vc_column_text][vc_column_text css=&#8221;&#8221;]\n<div class=\"op-pdp__sizing-text\" style=\"text-align: center\">Temple Length:<\/div>\n<div class=\"op-pdp__sizing-text\" style=\"text-align: center\"><strong><span id=\"op-pdp__sizing-lens-height\" class=\"op-pdp__sizing-info\">145<\/span> <span class=\"op-pdp__sizing-info\">mm<\/span><\/strong><\/div>\n[\/vc_column_text][\/vc_column_inner][vc_column_inner width=&#8221;1\/5&#8243;][\/vc_column_inner][\/vc_row_inner][\/vc_tta_section][\/vc_tta_accordion][\/vc_column][\/vc_row][vc_row equal_height=&#8221;yes&#8221; content_placement=&#8221;middle&#8221;][vc_column width=&#8221;1\/3&#8243; align_content=&#8221;right&#8221; max_width_align_tablet=&#8221;centered&#8221; max_width_align_mobile=&#8221;centered&#8221; max_width_align_small=&#8221;centered&#8221; max_width=&#8221;380px&#8221;][vc_column_text css=&#8221;&#8221; css_animation=&#8221;av5-fadeInLeft-long&#8221;]\n<h3 class=\"av5-horizontal-line-after\" style=\"font-size: 24px;color: #bfa37e;line-height: 1.4\">Made in France<\/h3>\n<p>Because we are convinced that French eyewear craftsmanship is a unique heritage and a guarantee of quality, all our wooden prescription glasses and sunglasses are produced between Annecy and the Jura.[\/vc_column_text][vc_empty_space height=&#8221;45px&#8221;][vc_column_text css=&#8221;&#8221; css_animation=&#8221;av5-fadeInLeft-long&#8221; anim_delay=&#8221;200&#8243;]\n<h3 class=\"av5-horizontal-line-after\" style=\"font-size: 24px;color: #bfa37e;line-height: 1.4\">Origin of the wood<\/h3>\n<p>Our precious wood veneers are supplied by our partner Marotte. Each wood is carefully selected upstream in the production chain by sawyers from sustainable sources that meet the strict standards of the FSC label, ensuring the responsible management of resources for future generations.[\/vc_column_text][\/vc_column][vc_column width=&#8221;1\/3&#8243; align_content=&#8221;center&#8221;][vc_column_text css_animation=&#8221;av5-fadeInUp-long&#8221;]<img loading=\"lazy\" decoding=\"async\" class=\"alignnone wp-image-9527 size-medium\" src=\"https:\/\/www.shelter-manufacture.com\/wp-content\/uploads\/2019\/05\/charte-optique-shelter-434x619.jpg\" alt=\"\" width=\"434\" height=\"619\" srcset=\"https:\/\/www.shelter-manufacture.com\/wp-content\/uploads\/2019\/05\/charte-optique-shelter-434x619.jpg 434w, https:\/\/www.shelter-manufacture.com\/wp-content\/uploads\/2019\/05\/charte-optique-shelter.jpg 476w\" sizes=\"auto, (max-width: 434px) 100vw, 434px\" \/>[\/vc_column_text][\/vc_column][vc_column width=&#8221;1\/3&#8243; max_width_align=&#8221;right&#8221; max_width_align_tablet=&#8221;centered&#8221; max_width_align_mobile=&#8221;centered&#8221; max_width_align_small=&#8221;centered&#8221; max_width=&#8221;380px&#8221;][vc_column_text css=&#8221;&#8221; css_animation=&#8221;av5-fadeInRight-long&#8221; anim_delay=&#8221;100&#8243;]\n<h3 class=\"av5-horizontal-line-before\" style=\"font-size: 24px;color: #bfa37e;line-height: 1.4\">Production<\/h3>\n<p>Shelter prioritizes quality, as well as controlled and responsible production. That is why all our suppliers operate with the same work ethic within just a few kilometers of one another.[\/vc_column_text][vc_empty_space height=&#8221;45px&#8221;][vc_column_text css=&#8221;&#8221; css_animation=&#8221;av5-fadeInRight-long&#8221; anim_delay=&#8221;300&#8243;]\n<h3 class=\"av5-horizontal-line-before\" style=\"font-size: 24px;color: #bfa37e;line-height: 1.4\">Materials Used<\/h3>\n<p>All Shelter glasses are produced using precious and natural wood veneers, meaning they are neither agglomerated nor transformed. For our metal components, we have chosen high end surgical steel, stainless, durable and lightweight, which allows us to combine refined design with an extreme attention to detail.[\/vc_column_text][\/vc_column][\/vc_row]\n<\/div>","protected":false},"excerpt":{"rendered":"<p><strong><span style=\"color: #bea17d\">Renaissance Collection<\/span><\/strong><\/p>\n<p style=\"text-align: left\">Charm and femininity embodied in this butterfly-shaped frame tinged with innocence.<\/p>\n","protected":false},"featured_media":925078,"template":"","meta":[],"product_brand":[],"product_cat":[302,279],"product_tag":[],"class_list":{"0":"post-927769","1":"product","2":"type-product","3":"status-publish","4":"has-post-thumbnail","6":"product_cat-the-renaissance-collection","7":"product_cat-lunette-de-soleil-en-bois-en","9":"first","10":"outofstock","11":"featured","12":"shipping-taxable","13":"purchasable","14":"product-type-variable","15":"has-default-attributes"},"yoast_head":"<!-- This site is optimized with the Yoast SEO plugin v27.1.1 - https:\/\/yoast.com\/product\/yoast-seo-wordpress\/ -->\n<title>Gabrielle - Metal temples - Shelter - Lunettes en bois - Cr\u00e9ateur Lunetier<\/title>\n<meta name=\"description\" content=\"D\u00e9couvrez la monture optique Gabrielle en bois et m\u00e9tal, made in France. Tr\u00e8s graphique cette monture est l\u00e9g\u00e8re et confortable.\" \/>\n<meta name=\"robots\" content=\"index, follow, max-snippet:-1, max-image-preview:large, max-video-preview:-1\" \/>\n<link rel=\"canonical\" href=\"https:\/\/www.shelter-manufacture.com\/en\/produit\/gabrielle-branches-metal\/\" \/>\n<meta property=\"og:locale\" content=\"en_US\" \/>\n<meta property=\"og:type\" content=\"article\" \/>\n<meta property=\"og:title\" content=\"Gabrielle - Metal temples - Shelter - Lunettes en bois - Cr\u00e9ateur Lunetier\" \/>\n<meta property=\"og:description\" content=\"D\u00e9couvrez la monture optique Gabrielle en bois et m\u00e9tal, made in France. Tr\u00e8s graphique cette monture est l\u00e9g\u00e8re et confortable.\" \/>\n<meta property=\"og:url\" content=\"https:\/\/www.shelter-manufacture.com\/en\/produit\/gabrielle-branches-metal\/\" \/>\n<meta property=\"og:site_name\" content=\"Shelter - Lunettes en bois - Cr\u00e9ateur Lunetier\" \/>\n<meta property=\"article:modified_time\" content=\"2026-03-18T13:25:45+00:00\" \/>\n<meta property=\"og:image\" content=\"https:\/\/www.shelter-manufacture.com\/wp-content\/uploads\/2019\/12\/Gabrielle-Ebe\u0300ne-face.jpg\" \/>\n\t<meta property=\"og:image:width\" content=\"3297\" \/>\n\t<meta property=\"og:image:height\" content=\"3297\" \/>\n\t<meta property=\"og:image:type\" content=\"image\/jpeg\" \/>\n<meta name=\"twitter:card\" content=\"summary_large_image\" \/>\n<meta name=\"twitter:label1\" content=\"Est. reading time\" \/>\n\t<meta name=\"twitter:data1\" content=\"3 minutes\" \/>\n<script type=\"application\/ld+json\" class=\"yoast-schema-graph\">{\"@context\":\"https:\/\/schema.org\",\"@graph\":[{\"@type\":\"WebPage\",\"@id\":\"https:\/\/www.shelter-manufacture.com\/en\/produit\/gabrielle-branches-metal\/\",\"url\":\"https:\/\/www.shelter-manufacture.com\/en\/produit\/gabrielle-branches-metal\/\",\"name\":\"Gabrielle - Metal temples - Shelter - Lunettes en bois - Cr\u00e9ateur Lunetier\",\"isPartOf\":{\"@id\":\"https:\/\/www.shelter-manufacture.com\/#website\"},\"primaryImageOfPage\":{\"@id\":\"https:\/\/www.shelter-manufacture.com\/en\/produit\/gabrielle-branches-metal\/#primaryimage\"},\"image\":{\"@id\":\"https:\/\/www.shelter-manufacture.com\/en\/produit\/gabrielle-branches-metal\/#primaryimage\"},\"thumbnailUrl\":\"https:\/\/www.shelter-manufacture.com\/wp-content\/uploads\/2019\/12\/Gabrielle-Ebe\u0300ne-face.jpg\",\"datePublished\":\"2019-12-13T08:00:27+00:00\",\"dateModified\":\"2026-03-18T13:25:45+00:00\",\"description\":\"D\u00e9couvrez la monture optique Gabrielle en bois et m\u00e9tal, made in France. Tr\u00e8s graphique cette monture est l\u00e9g\u00e8re et confortable.\",\"breadcrumb\":{\"@id\":\"https:\/\/www.shelter-manufacture.com\/en\/produit\/gabrielle-branches-metal\/#breadcrumb\"},\"inLanguage\":\"en-US\",\"potentialAction\":[{\"@type\":\"ReadAction\",\"target\":[\"https:\/\/www.shelter-manufacture.com\/en\/produit\/gabrielle-branches-metal\/\"]}]},{\"@type\":\"ImageObject\",\"inLanguage\":\"en-US\",\"@id\":\"https:\/\/www.shelter-manufacture.com\/en\/produit\/gabrielle-branches-metal\/#primaryimage\",\"url\":\"https:\/\/www.shelter-manufacture.com\/wp-content\/uploads\/2019\/12\/Gabrielle-Ebe\u0300ne-face.jpg\",\"contentUrl\":\"https:\/\/www.shelter-manufacture.com\/wp-content\/uploads\/2019\/12\/Gabrielle-Ebe\u0300ne-face.jpg\",\"width\":3297,\"height\":3297},{\"@type\":\"BreadcrumbList\",\"@id\":\"https:\/\/www.shelter-manufacture.com\/en\/produit\/gabrielle-branches-metal\/#breadcrumb\",\"itemListElement\":[{\"@type\":\"ListItem\",\"position\":1,\"name\":\"Home\",\"item\":\"https:\/\/www.shelter-manufacture.com\/en\/\"},{\"@type\":\"ListItem\",\"position\":2,\"name\":\"Shop\",\"item\":\"https:\/\/www.shelter-manufacture.com\/en\/shop-2\/\"},{\"@type\":\"ListItem\",\"position\":3,\"name\":\"Gabrielle &#8211; Metal temples\"}]},{\"@type\":\"WebSite\",\"@id\":\"https:\/\/www.shelter-manufacture.com\/#website\",\"url\":\"https:\/\/www.shelter-manufacture.com\/\",\"name\":\"Shelter - Lunettes en bois - Cr\u00e9ateur Lunetier\",\"description\":\"Lunettes de soleil en bois - Lunettes optique en bois\",\"potentialAction\":[{\"@type\":\"SearchAction\",\"target\":{\"@type\":\"EntryPoint\",\"urlTemplate\":\"https:\/\/www.shelter-manufacture.com\/?s={search_term_string}\"},\"query-input\":{\"@type\":\"PropertyValueSpecification\",\"valueRequired\":true,\"valueName\":\"search_term_string\"}}],\"inLanguage\":\"en-US\"}]}<\/script>\n<!-- \/ Yoast SEO plugin. -->","yoast_head_json":{"title":"Gabrielle - Metal temples - Shelter - Lunettes en bois - Cr\u00e9ateur Lunetier","description":"D\u00e9couvrez la monture optique Gabrielle en bois et m\u00e9tal, made in France. Tr\u00e8s graphique cette monture est l\u00e9g\u00e8re et confortable.","robots":{"index":"index","follow":"follow","max-snippet":"max-snippet:-1","max-image-preview":"max-image-preview:large","max-video-preview":"max-video-preview:-1"},"canonical":"https:\/\/www.shelter-manufacture.com\/en\/produit\/gabrielle-branches-metal\/","og_locale":"en_US","og_type":"article","og_title":"Gabrielle - Metal temples - Shelter - Lunettes en bois - Cr\u00e9ateur Lunetier","og_description":"D\u00e9couvrez la monture optique Gabrielle en bois et m\u00e9tal, made in France. Tr\u00e8s graphique cette monture est l\u00e9g\u00e8re et confortable.","og_url":"https:\/\/www.shelter-manufacture.com\/en\/produit\/gabrielle-branches-metal\/","og_site_name":"Shelter - Lunettes en bois - Cr\u00e9ateur Lunetier","article_modified_time":"2026-03-18T13:25:45+00:00","og_image":[{"width":3297,"height":3297,"url":"https:\/\/www.shelter-manufacture.com\/wp-content\/uploads\/2019\/12\/Gabrielle-Ebe\u0300ne-face.jpg","type":"image\/jpeg"}],"twitter_card":"summary_large_image","twitter_misc":{"Est. reading time":"3 minutes"},"schema":{"@context":"https:\/\/schema.org","@graph":[{"@type":"WebPage","@id":"https:\/\/www.shelter-manufacture.com\/en\/produit\/gabrielle-branches-metal\/","url":"https:\/\/www.shelter-manufacture.com\/en\/produit\/gabrielle-branches-metal\/","name":"Gabrielle - Metal temples - Shelter - Lunettes en bois - Cr\u00e9ateur Lunetier","isPartOf":{"@id":"https:\/\/www.shelter-manufacture.com\/#website"},"primaryImageOfPage":{"@id":"https:\/\/www.shelter-manufacture.com\/en\/produit\/gabrielle-branches-metal\/#primaryimage"},"image":{"@id":"https:\/\/www.shelter-manufacture.com\/en\/produit\/gabrielle-branches-metal\/#primaryimage"},"thumbnailUrl":"https:\/\/www.shelter-manufacture.com\/wp-content\/uploads\/2019\/12\/Gabrielle-Ebe\u0300ne-face.jpg","datePublished":"2019-12-13T08:00:27+00:00","dateModified":"2026-03-18T13:25:45+00:00","description":"D\u00e9couvrez la monture optique Gabrielle en bois et m\u00e9tal, made in France. Tr\u00e8s graphique cette monture est l\u00e9g\u00e8re et confortable.","breadcrumb":{"@id":"https:\/\/www.shelter-manufacture.com\/en\/produit\/gabrielle-branches-metal\/#breadcrumb"},"inLanguage":"en-US","potentialAction":[{"@type":"ReadAction","target":["https:\/\/www.shelter-manufacture.com\/en\/produit\/gabrielle-branches-metal\/"]}]},{"@type":"ImageObject","inLanguage":"en-US","@id":"https:\/\/www.shelter-manufacture.com\/en\/produit\/gabrielle-branches-metal\/#primaryimage","url":"https:\/\/www.shelter-manufacture.com\/wp-content\/uploads\/2019\/12\/Gabrielle-Ebe\u0300ne-face.jpg","contentUrl":"https:\/\/www.shelter-manufacture.com\/wp-content\/uploads\/2019\/12\/Gabrielle-Ebe\u0300ne-face.jpg","width":3297,"height":3297},{"@type":"BreadcrumbList","@id":"https:\/\/www.shelter-manufacture.com\/en\/produit\/gabrielle-branches-metal\/#breadcrumb","itemListElement":[{"@type":"ListItem","position":1,"name":"Home","item":"https:\/\/www.shelter-manufacture.com\/en\/"},{"@type":"ListItem","position":2,"name":"Shop","item":"https:\/\/www.shelter-manufacture.com\/en\/shop-2\/"},{"@type":"ListItem","position":3,"name":"Gabrielle &#8211; Metal temples"}]},{"@type":"WebSite","@id":"https:\/\/www.shelter-manufacture.com\/#website","url":"https:\/\/www.shelter-manufacture.com\/","name":"Shelter - Lunettes en bois - Cr\u00e9ateur Lunetier","description":"Lunettes de soleil en bois - Lunettes optique en bois","potentialAction":[{"@type":"SearchAction","target":{"@type":"EntryPoint","urlTemplate":"https:\/\/www.shelter-manufacture.com\/?s={search_term_string}"},"query-input":{"@type":"PropertyValueSpecification","valueRequired":true,"valueName":"search_term_string"}}],"inLanguage":"en-US"}]}},"_links":{"self":[{"href":"https:\/\/www.shelter-manufacture.com\/en\/wp-json\/wp\/v2\/product\/927769","targetHints":{"allow":["GET"]}}],"collection":[{"href":"https:\/\/www.shelter-manufacture.com\/en\/wp-json\/wp\/v2\/product"}],"about":[{"href":"https:\/\/www.shelter-manufacture.com\/en\/wp-json\/wp\/v2\/types\/product"}],"wp:featuredmedia":[{"embeddable":true,"href":"https:\/\/www.shelter-manufacture.com\/en\/wp-json\/wp\/v2\/media\/925078"}],"wp:attachment":[{"href":"https:\/\/www.shelter-manufacture.com\/en\/wp-json\/wp\/v2\/media?parent=927769"}],"wp:term":[{"taxonomy":"product_brand","embeddable":true,"href":"https:\/\/www.shelter-manufacture.com\/en\/wp-json\/wp\/v2\/product_brand?post=927769"},{"taxonomy":"product_cat","embeddable":true,"href":"https:\/\/www.shelter-manufacture.com\/en\/wp-json\/wp\/v2\/product_cat?post=927769"},{"taxonomy":"product_tag","embeddable":true,"href":"https:\/\/www.shelter-manufacture.com\/en\/wp-json\/wp\/v2\/product_tag?post=927769"}],"curies":[{"name":"wp","href":"https:\/\/api.w.org\/{rel}","templated":true}]}}