{"id":927550,"date":"2022-06-20T14:48:52","date_gmt":"2022-06-20T13:48:52","guid":{"rendered":"https:\/\/www.shelter-manufacture.com\/produit\/amalfi\/"},"modified":"2026-03-12T16:23:23","modified_gmt":"2026-03-12T15:23:23","slug":"amalfi","status":"publish","type":"product","link":"https:\/\/www.shelter-manufacture.com\/en\/produit\/amalfi\/","title":{"rendered":"Amalfi"},"content":{"rendered":"<div class=\"wpb-content-wrapper\">[vc_row][vc_column max_width_align=&#8221;centered&#8221; max_width=&#8221;680px&#8221;][vc_empty_space height=&#8221;30px&#8221;][\/vc_column][\/vc_row][vc_row equal_height=&#8221;yes&#8221; content_placement=&#8221;middle&#8221;][vc_column width=&#8221;1\/3&#8243; align_content=&#8221;right&#8221; max_width_align_tablet=&#8221;centered&#8221; max_width_align_mobile=&#8221;centered&#8221; max_width_align_small=&#8221;centered&#8221; max_width=&#8221;380px&#8221;][vc_column_text css=&#8221;&#8221; css_animation=&#8221;av5-fadeInLeft-long&#8221;]\n<h3 class=\"av5-horizontal-line-after\" style=\"font-size: 24px;color: #bfa37e;line-height: 1.4\">Made in France<\/h3>\n<p>Because we are convinced that French eyewear craftsmanship is a unique heritage and a guarantee of quality, all of our wooden prescription glasses and wooden sunglasses are produced between Annecy and the Jura.[\/vc_column_text][vc_empty_space height=&#8221;45px&#8221;][vc_column_text css=&#8221;&#8221; css_animation=&#8221;av5-fadeInRight-long&#8221; anim_delay=&#8221;300&#8243;]\n<h3 style=\"font-size: 24px;color: #bfa37e;line-height: 1.4\">Lenses<\/h3>\n<p>Premium Dalloz sun lenses \u2013 made in France. Category 3 \u2013 100% UVA\/UVB protection \u2013 with hydrophobic, oleophobic and anti-reflective coating.[\/vc_column_text][\/vc_column][vc_column width=&#8221;1\/3&#8243; align_content=&#8221;center&#8221;][vc_column_text css_animation=&#8221;av5-fadeInUp-long&#8221;]<img loading=\"lazy\" decoding=\"async\" class=\"aligncenter size-full wp-image-12056\" src=\"https:\/\/www.shelter-manufacture.com\/wp-content\/uploads\/2021\/01\/norguet-production-france.png\" alt=\"\" width=\"373\" height=\"557\" \/>[\/vc_column_text][\/vc_column][vc_column width=&#8221;1\/3&#8243; max_width_align=&#8221;right&#8221; max_width_align_tablet=&#8221;centered&#8221; max_width_align_mobile=&#8221;centered&#8221; max_width_align_small=&#8221;centered&#8221; max_width=&#8221;380px&#8221;][vc_column_text css=&#8221;&#8221; css_animation=&#8221;av5-fadeInRight-long&#8221; anim_delay=&#8221;100&#8243;]\n<h3 class=\"av5-horizontal-line-before\" style=\"font-size: 24px;color: #bfa37e;line-height: 1.4\">Short production cycle<\/h3>\n<p>Shelter prioritizes quality, as well as controlled and responsible production. Controlled, because all our artisans operate in a short supply chain between Ain and the Jura to minimize the environmental impact of transportation. Responsible, because we produce on a just-in-time basis to avoid any overstock.[\/vc_column_text][vc_empty_space height=&#8221;45px&#8221;][vc_column_text css=&#8221;&#8221; css_animation=&#8221;av5-fadeInRight-long&#8221; anim_delay=&#8221;300&#8243;]\n<h3 class=\"av5-horizontal-line-before\" style=\"font-size: 24px;color: #bfa37e;line-height: 1.4\">Materials Used<\/h3>\n<p>All the glasses in the Fusion range are produced using noble materials:<\/p>\n<ul>\n<li>The precious woods are 100% natural, without any processing chemicals.<\/li>\n<li>The chosen metal is a high-quality stainless surgical steel that is strong and lightweight.<\/li>\n<\/ul>\n[\/vc_column_text][\/vc_column][\/vc_row]\n<\/div>","protected":false},"excerpt":{"rendered":"<p style=\"text-align: left\"><strong><span style=\"color: #bea17d\">Mediterranea Collection by Rodolphe Parente<\/span><\/strong><\/p>\n<p>LIMITED PRODUCTION OF <span class=\"limited\"><b>500<\/b> PIECES<br \/>\n<\/span><\/p>\n<p>Contrasting, colorful, and rugged, like the landscapes of the city it\u2019s named after, Amalfi balances the sharpness of cliffs with the fluidity of rounded shapes. Spectacular.<\/p>\n<p><strong>Size : 49 \u25a1 23 | 145<\/strong><\/p>\n","protected":false},"featured_media":925946,"template":"","meta":[],"product_brand":[],"product_cat":[301,279],"product_tag":[],"class_list":{"0":"post-927550","1":"product","2":"type-product","3":"status-publish","4":"has-post-thumbnail","6":"product_cat-the-rencontre-sunglasses-collection","7":"product_cat-lunette-de-soleil-en-bois-en","9":"first","10":"instock","11":"featured","12":"shipping-taxable","13":"purchasable","14":"product-type-variable","15":"has-default-attributes"},"yoast_head":"<!-- This site is optimized with the Yoast SEO plugin v27.1.1 - https:\/\/yoast.com\/product\/yoast-seo-wordpress\/ -->\n<title>Amalfi - Shelter - Lunettes en bois - Cr\u00e9ateur Lunetier<\/title>\n<meta name=\"description\" content=\"De cette monture se d\u00e9gage une grande \u00e9pure. La multiplication des d\u00e9tails vient rythmer la l\u00e9g\u00e8ret\u00e9 des formes sobres, et insuffler \u00e0 cette lunette un caract\u00e8re r\u00e9tro-intello.\" \/>\n<meta name=\"robots\" content=\"index, follow, max-snippet:-1, max-image-preview:large, max-video-preview:-1\" \/>\n<link rel=\"canonical\" href=\"https:\/\/www.shelter-manufacture.com\/en\/produit\/amalfi\/\" \/>\n<meta property=\"og:locale\" content=\"en_US\" \/>\n<meta property=\"og:type\" content=\"article\" \/>\n<meta property=\"og:title\" content=\"Amalfi - Shelter - Lunettes en bois - Cr\u00e9ateur Lunetier\" \/>\n<meta property=\"og:description\" content=\"De cette monture se d\u00e9gage une grande \u00e9pure. La multiplication des d\u00e9tails vient rythmer la l\u00e9g\u00e8ret\u00e9 des formes sobres, et insuffler \u00e0 cette lunette un caract\u00e8re r\u00e9tro-intello.\" \/>\n<meta property=\"og:url\" content=\"https:\/\/www.shelter-manufacture.com\/en\/produit\/amalfi\/\" \/>\n<meta property=\"og:site_name\" content=\"Shelter - Lunettes en bois - Cr\u00e9ateur Lunetier\" \/>\n<meta property=\"article:modified_time\" content=\"2026-03-12T15:23:23+00:00\" \/>\n<meta property=\"og:image\" content=\"https:\/\/www.shelter-manufacture.com\/wp-content\/uploads\/2022\/06\/amalfi-S-orange-face.jpg\" \/>\n\t<meta property=\"og:image:width\" content=\"1000\" \/>\n\t<meta property=\"og:image:height\" content=\"1000\" \/>\n\t<meta property=\"og:image:type\" content=\"image\/jpeg\" \/>\n<meta name=\"twitter:card\" content=\"summary_large_image\" \/>\n<meta name=\"twitter:label1\" content=\"Est. reading time\" \/>\n\t<meta name=\"twitter:data1\" content=\"2 minutes\" \/>\n<script type=\"application\/ld+json\" class=\"yoast-schema-graph\">{\"@context\":\"https:\/\/schema.org\",\"@graph\":[{\"@type\":\"WebPage\",\"@id\":\"https:\/\/www.shelter-manufacture.com\/en\/produit\/amalfi\/\",\"url\":\"https:\/\/www.shelter-manufacture.com\/en\/produit\/amalfi\/\",\"name\":\"Amalfi - Shelter - Lunettes en bois - Cr\u00e9ateur Lunetier\",\"isPartOf\":{\"@id\":\"https:\/\/www.shelter-manufacture.com\/#website\"},\"primaryImageOfPage\":{\"@id\":\"https:\/\/www.shelter-manufacture.com\/en\/produit\/amalfi\/#primaryimage\"},\"image\":{\"@id\":\"https:\/\/www.shelter-manufacture.com\/en\/produit\/amalfi\/#primaryimage\"},\"thumbnailUrl\":\"https:\/\/www.shelter-manufacture.com\/wp-content\/uploads\/2022\/06\/amalfi-S-orange-face.jpg\",\"datePublished\":\"2022-06-20T13:48:52+00:00\",\"dateModified\":\"2026-03-12T15:23:23+00:00\",\"description\":\"De cette monture se d\u00e9gage une grande \u00e9pure. La multiplication des d\u00e9tails vient rythmer la l\u00e9g\u00e8ret\u00e9 des formes sobres, et insuffler \u00e0 cette lunette un caract\u00e8re r\u00e9tro-intello.\",\"breadcrumb\":{\"@id\":\"https:\/\/www.shelter-manufacture.com\/en\/produit\/amalfi\/#breadcrumb\"},\"inLanguage\":\"en-US\",\"potentialAction\":[{\"@type\":\"ReadAction\",\"target\":[\"https:\/\/www.shelter-manufacture.com\/en\/produit\/amalfi\/\"]}]},{\"@type\":\"ImageObject\",\"inLanguage\":\"en-US\",\"@id\":\"https:\/\/www.shelter-manufacture.com\/en\/produit\/amalfi\/#primaryimage\",\"url\":\"https:\/\/www.shelter-manufacture.com\/wp-content\/uploads\/2022\/06\/amalfi-S-orange-face.jpg\",\"contentUrl\":\"https:\/\/www.shelter-manufacture.com\/wp-content\/uploads\/2022\/06\/amalfi-S-orange-face.jpg\",\"width\":1000,\"height\":1000},{\"@type\":\"BreadcrumbList\",\"@id\":\"https:\/\/www.shelter-manufacture.com\/en\/produit\/amalfi\/#breadcrumb\",\"itemListElement\":[{\"@type\":\"ListItem\",\"position\":1,\"name\":\"Home\",\"item\":\"https:\/\/www.shelter-manufacture.com\/en\/\"},{\"@type\":\"ListItem\",\"position\":2,\"name\":\"Shop\",\"item\":\"https:\/\/www.shelter-manufacture.com\/en\/shop-2\/\"},{\"@type\":\"ListItem\",\"position\":3,\"name\":\"Amalfi\"}]},{\"@type\":\"WebSite\",\"@id\":\"https:\/\/www.shelter-manufacture.com\/#website\",\"url\":\"https:\/\/www.shelter-manufacture.com\/\",\"name\":\"Shelter - Lunettes en bois - Cr\u00e9ateur Lunetier\",\"description\":\"Lunettes de soleil en bois - Lunettes optique en bois\",\"potentialAction\":[{\"@type\":\"SearchAction\",\"target\":{\"@type\":\"EntryPoint\",\"urlTemplate\":\"https:\/\/www.shelter-manufacture.com\/?s={search_term_string}\"},\"query-input\":{\"@type\":\"PropertyValueSpecification\",\"valueRequired\":true,\"valueName\":\"search_term_string\"}}],\"inLanguage\":\"en-US\"}]}<\/script>\n<!-- \/ Yoast SEO plugin. -->","yoast_head_json":{"title":"Amalfi - Shelter - Lunettes en bois - Cr\u00e9ateur Lunetier","description":"De cette monture se d\u00e9gage une grande \u00e9pure. La multiplication des d\u00e9tails vient rythmer la l\u00e9g\u00e8ret\u00e9 des formes sobres, et insuffler \u00e0 cette lunette un caract\u00e8re r\u00e9tro-intello.","robots":{"index":"index","follow":"follow","max-snippet":"max-snippet:-1","max-image-preview":"max-image-preview:large","max-video-preview":"max-video-preview:-1"},"canonical":"https:\/\/www.shelter-manufacture.com\/en\/produit\/amalfi\/","og_locale":"en_US","og_type":"article","og_title":"Amalfi - Shelter - Lunettes en bois - Cr\u00e9ateur Lunetier","og_description":"De cette monture se d\u00e9gage une grande \u00e9pure. La multiplication des d\u00e9tails vient rythmer la l\u00e9g\u00e8ret\u00e9 des formes sobres, et insuffler \u00e0 cette lunette un caract\u00e8re r\u00e9tro-intello.","og_url":"https:\/\/www.shelter-manufacture.com\/en\/produit\/amalfi\/","og_site_name":"Shelter - Lunettes en bois - Cr\u00e9ateur Lunetier","article_modified_time":"2026-03-12T15:23:23+00:00","og_image":[{"width":1000,"height":1000,"url":"https:\/\/www.shelter-manufacture.com\/wp-content\/uploads\/2022\/06\/amalfi-S-orange-face.jpg","type":"image\/jpeg"}],"twitter_card":"summary_large_image","twitter_misc":{"Est. reading time":"2 minutes"},"schema":{"@context":"https:\/\/schema.org","@graph":[{"@type":"WebPage","@id":"https:\/\/www.shelter-manufacture.com\/en\/produit\/amalfi\/","url":"https:\/\/www.shelter-manufacture.com\/en\/produit\/amalfi\/","name":"Amalfi - Shelter - Lunettes en bois - Cr\u00e9ateur Lunetier","isPartOf":{"@id":"https:\/\/www.shelter-manufacture.com\/#website"},"primaryImageOfPage":{"@id":"https:\/\/www.shelter-manufacture.com\/en\/produit\/amalfi\/#primaryimage"},"image":{"@id":"https:\/\/www.shelter-manufacture.com\/en\/produit\/amalfi\/#primaryimage"},"thumbnailUrl":"https:\/\/www.shelter-manufacture.com\/wp-content\/uploads\/2022\/06\/amalfi-S-orange-face.jpg","datePublished":"2022-06-20T13:48:52+00:00","dateModified":"2026-03-12T15:23:23+00:00","description":"De cette monture se d\u00e9gage une grande \u00e9pure. La multiplication des d\u00e9tails vient rythmer la l\u00e9g\u00e8ret\u00e9 des formes sobres, et insuffler \u00e0 cette lunette un caract\u00e8re r\u00e9tro-intello.","breadcrumb":{"@id":"https:\/\/www.shelter-manufacture.com\/en\/produit\/amalfi\/#breadcrumb"},"inLanguage":"en-US","potentialAction":[{"@type":"ReadAction","target":["https:\/\/www.shelter-manufacture.com\/en\/produit\/amalfi\/"]}]},{"@type":"ImageObject","inLanguage":"en-US","@id":"https:\/\/www.shelter-manufacture.com\/en\/produit\/amalfi\/#primaryimage","url":"https:\/\/www.shelter-manufacture.com\/wp-content\/uploads\/2022\/06\/amalfi-S-orange-face.jpg","contentUrl":"https:\/\/www.shelter-manufacture.com\/wp-content\/uploads\/2022\/06\/amalfi-S-orange-face.jpg","width":1000,"height":1000},{"@type":"BreadcrumbList","@id":"https:\/\/www.shelter-manufacture.com\/en\/produit\/amalfi\/#breadcrumb","itemListElement":[{"@type":"ListItem","position":1,"name":"Home","item":"https:\/\/www.shelter-manufacture.com\/en\/"},{"@type":"ListItem","position":2,"name":"Shop","item":"https:\/\/www.shelter-manufacture.com\/en\/shop-2\/"},{"@type":"ListItem","position":3,"name":"Amalfi"}]},{"@type":"WebSite","@id":"https:\/\/www.shelter-manufacture.com\/#website","url":"https:\/\/www.shelter-manufacture.com\/","name":"Shelter - Lunettes en bois - Cr\u00e9ateur Lunetier","description":"Lunettes de soleil en bois - Lunettes optique en bois","potentialAction":[{"@type":"SearchAction","target":{"@type":"EntryPoint","urlTemplate":"https:\/\/www.shelter-manufacture.com\/?s={search_term_string}"},"query-input":{"@type":"PropertyValueSpecification","valueRequired":true,"valueName":"search_term_string"}}],"inLanguage":"en-US"}]}},"_links":{"self":[{"href":"https:\/\/www.shelter-manufacture.com\/en\/wp-json\/wp\/v2\/product\/927550","targetHints":{"allow":["GET"]}}],"collection":[{"href":"https:\/\/www.shelter-manufacture.com\/en\/wp-json\/wp\/v2\/product"}],"about":[{"href":"https:\/\/www.shelter-manufacture.com\/en\/wp-json\/wp\/v2\/types\/product"}],"wp:featuredmedia":[{"embeddable":true,"href":"https:\/\/www.shelter-manufacture.com\/en\/wp-json\/wp\/v2\/media\/925946"}],"wp:attachment":[{"href":"https:\/\/www.shelter-manufacture.com\/en\/wp-json\/wp\/v2\/media?parent=927550"}],"wp:term":[{"taxonomy":"product_brand","embeddable":true,"href":"https:\/\/www.shelter-manufacture.com\/en\/wp-json\/wp\/v2\/product_brand?post=927550"},{"taxonomy":"product_cat","embeddable":true,"href":"https:\/\/www.shelter-manufacture.com\/en\/wp-json\/wp\/v2\/product_cat?post=927550"},{"taxonomy":"product_tag","embeddable":true,"href":"https:\/\/www.shelter-manufacture.com\/en\/wp-json\/wp\/v2\/product_tag?post=927550"}],"curies":[{"name":"wp","href":"https:\/\/api.w.org\/{rel}","templated":true}]}}