{"id":9194,"date":"2019-04-23T18:21:22","date_gmt":"2019-04-23T17:21:22","guid":{"rendered":"https:\/\/www.shelter-manufacture.com\/?post_type=product&#038;p=9194"},"modified":"2024-01-01T00:01:37","modified_gmt":"2023-12-31T23:01:37","slug":"lunette-malo","status":"publish","type":"product","link":"https:\/\/www.shelter-manufacture.com\/en\/produit\/lunette-malo\/","title":{"rendered":"Malo"},"content":{"rendered":"<div class=\"wpb-content-wrapper\">[vc_row][vc_column][av5_animated_text font_h=&#8221;h2&#8243; align_center=&#8221;true&#8221;] Nos montures sont fabriqu\u00e9es \u00e0 la main en France[\/av5_animated_text][av5_animated_text font_h=&#8221;h2&#8243; align_center=&#8221;true&#8221;]Montage des verres facile[\/av5_animated_text][vc_empty_space height=&#8221;30px&#8221;][av5_vertical_divider style=&#8221;simple&#8221; custom_color=&#8221;#000000&#8243;][\/vc_column][\/vc_row][vc_row][vc_column max_width_align=&#8221;centered&#8221; max_width=&#8221;680px&#8221;][vc_empty_space height=&#8221;30px&#8221;][vc_column_text css_animation=&#8221;av5-fadeInUp-long&#8221;]\n<p style=\"text-align: center;\"><span style=\"color: #bfa37e;\">SHELTER<\/span>\u00a0 \u00a0<span style=\"color: #d9d9d9;\">|<\/span>\u00a0 \u00a0<span style=\"color: #bfa37e;\">Notre charte de transparence<\/span><\/p>\n[\/vc_column_text][vc_column_text css_animation=&#8221;av5-fadeInUp-long&#8221; anim_delay=&#8221;100&#8243;]\n<h3 style=\"text-align: center; font-size: 24px;\">Notre approche est faite de passion, respect, s\u00e9rieux et attention envers ceux qui fa\u00e7onnent les produits et l\u2019environnement dans lequel nous travaillons.<\/h3>\n[\/vc_column_text][vc_empty_space height=&#8221;70px&#8221;][\/vc_column][\/vc_row][vc_row equal_height=&#8221;yes&#8221; content_placement=&#8221;middle&#8221;][vc_column width=&#8221;1\/3&#8243; align_content=&#8221;right&#8221; max_width_align_tablet=&#8221;centered&#8221; max_width_align_mobile=&#8221;centered&#8221; max_width_align_small=&#8221;centered&#8221; max_width=&#8221;380px&#8221;][vc_column_text css_animation=&#8221;av5-fadeInLeft-long&#8221;]\n<h3 class=\"av5-horizontal-line-after\" style=\"font-size: 24px; color: #bfa37e; line-height: 1.4;\">Made in France<\/h3>\n<p>Parce que nous sommes convaincus que le savoir faire lunetier Fran\u00e7ais est un patrimoine unique, gage de qualit\u00e9, toutes nos lunettes sont produites entre Annecy et le Jura.[\/vc_column_text][vc_empty_space height=&#8221;45px&#8221;][vc_column_text css_animation=&#8221;av5-fadeInLeft-long&#8221; anim_delay=&#8221;200&#8243;]\n<h3 class=\"av5-horizontal-line-after\" style=\"font-size: 24px; color: #bfa37e; line-height: 1.4;\">Origine des Bois<\/h3>\n<p>Nos placages de bois pr\u00e9cieux sont fournis<br \/>\npar notre partenaire Marotte. Chaque bois est m\u00e9ticuleusement s\u00e9lectionn\u00e9 en amont de la cha\u00eene par des scieurs issus de fili\u00e8res durables r\u00e9pondant aux normes strictes du label FSC qui garantit le respect des ressources pour les g\u00e9n\u00e9rations futures.[\/vc_column_text][\/vc_column][vc_column width=&#8221;1\/3&#8243; align_content=&#8221;center&#8221;][vc_column_text css_animation=&#8221;av5-fadeInUp-long&#8221;]<img loading=\"lazy\" decoding=\"async\" class=\"wp-image-9532 size-medium aligncenter\" src=\"https:\/\/www.shelter-manufacture.com\/wp-content\/uploads\/2019\/05\/charte-solaire-shelter-434x619.jpg\" alt=\"\" width=\"434\" height=\"619\" srcset=\"https:\/\/www.shelter-manufacture.com\/wp-content\/uploads\/2019\/05\/charte-solaire-shelter-434x619.jpg 434w, https:\/\/www.shelter-manufacture.com\/wp-content\/uploads\/2019\/05\/charte-solaire-shelter.jpg 476w\" sizes=\"auto, (max-width: 434px) 100vw, 434px\" \/>[\/vc_column_text][\/vc_column][vc_column width=&#8221;1\/3&#8243; max_width_align=&#8221;right&#8221; max_width_align_tablet=&#8221;centered&#8221; max_width_align_mobile=&#8221;centered&#8221; max_width_align_small=&#8221;centered&#8221; max_width=&#8221;380px&#8221;][vc_column_text css_animation=&#8221;av5-fadeInRight-long&#8221; anim_delay=&#8221;100&#8243;]\n<h3 class=\"av5-horizontal-line-before\" style=\"font-size: 24px; color: #bfa37e; line-height: 1.4;\">Production<\/h3>\n<p>Shelter privil\u00e9gie la qualit\u00e9, ainsi qu\u2019une production maitris\u00e9e et raisonn\u00e9e. C\u2019est pourquoi tous nos fournisseurs op\u00e8rent avec la m\u00eame \u00e9thique de travail dans un rayon de quelques kilom\u00e8tres les uns des autres.[\/vc_column_text][vc_empty_space height=&#8221;45px&#8221;][vc_column_text css_animation=&#8221;av5-fadeInRight-long&#8221; anim_delay=&#8221;300&#8243;]\n<h3 class=\"av5-horizontal-line-before\" style=\"font-size: 24px; color: #bfa37e; line-height: 1.4;\">Mat\u00e9riaux Utilis\u00e9s<\/h3>\n<p>Toutes les lunettes Shelter sont produites \u00e0 partir de placages de bois pr\u00e9cieux et naturels, c\u2019est \u00e0 dire non-agglom\u00e9r\u00e9s ou transform\u00e9s. Pour nos pi\u00e8ces m\u00e9talliques nous avons choisi un acier chirurgical haut de gamme inoxydable, r\u00e9sistant et l\u00e9ger qui nous permet d\u2019allier un design pointu avec un souci extr\u00eame du d\u00e9tail.[\/vc_column_text][\/vc_column][\/vc_row]\n<\/div>","protected":false},"excerpt":{"rendered":"<h4><strong><span style=\"color: #bea17d;\">209\u20ac<\/span><\/strong><\/h4>\n<h4><strong><span style=\"color: #bea17d;\">Collection Douce France<\/span><\/strong><\/h4>\n<p><span class=\"aal\">Empreinte de douceur, de gr\u00e2ce et de finesse, cette monture aux formes rondes intemporelles donne une allure de joli(e) m\u00f4me pleine de d\u00e9licatesse.<\/span><\/p>\n","protected":false},"featured_media":10168,"template":"","meta":[],"product_brand":[],"product_cat":[105,188],"product_tag":[],"class_list":{"0":"post-9194","1":"product","2":"type-product","3":"status-publish","4":"has-post-thumbnail","6":"product_cat-lunette-de-soleil-en-bois","7":"product_cat-la-collection-douce-france","9":"first","10":"instock","11":"featured","12":"shipping-taxable","13":"purchasable","14":"product-type-variable","15":"has-default-attributes"},"yoast_head":"<!-- This site is optimized with the Yoast SEO plugin v27.1.1 - https:\/\/yoast.com\/product\/yoast-seo-wordpress\/ -->\n<title>Malo - Shelter - Lunettes en bois - Cr\u00e9ateur Lunetier<\/title>\n<meta name=\"description\" content=\"D\u00e9couvrez la monture solaire Malo en bois et bio-ac\u00e9tate, made in France. Tr\u00e8s f\u00e9minine, cette monture est l\u00e9g\u00e8re et confortable.\" \/>\n<meta name=\"robots\" content=\"index, follow, max-snippet:-1, max-image-preview:large, max-video-preview:-1\" \/>\n<link rel=\"canonical\" href=\"https:\/\/www.shelter-manufacture.com\/produit\/lunette-malo\/\" \/>\n<meta property=\"og:locale\" content=\"en_US\" \/>\n<meta property=\"og:type\" content=\"article\" \/>\n<meta property=\"og:title\" content=\"Malo - Shelter - Lunettes en bois - Cr\u00e9ateur Lunetier\" \/>\n<meta property=\"og:description\" content=\"D\u00e9couvrez la monture solaire Malo en bois et bio-ac\u00e9tate, made in France. Tr\u00e8s f\u00e9minine, cette monture est l\u00e9g\u00e8re et confortable.\" \/>\n<meta property=\"og:url\" content=\"https:\/\/www.shelter-manufacture.com\/produit\/lunette-malo\/\" \/>\n<meta property=\"og:site_name\" content=\"Shelter - Lunettes en bois - Cr\u00e9ateur Lunetier\" \/>\n<meta property=\"article:modified_time\" content=\"2023-12-31T23:01:37+00:00\" \/>\n<meta property=\"og:image\" content=\"https:\/\/www.shelter-manufacture.com\/wp-content\/uploads\/2019\/07\/malo-noir-face.jpg\" \/>\n\t<meta property=\"og:image:width\" content=\"1440\" \/>\n\t<meta property=\"og:image:height\" content=\"1440\" \/>\n\t<meta property=\"og:image:type\" content=\"image\/jpeg\" \/>\n<meta name=\"twitter:card\" content=\"summary_large_image\" \/>\n<meta name=\"twitter:label1\" content=\"Est. reading time\" \/>\n\t<meta name=\"twitter:data1\" content=\"2 minutes\" \/>\n<script type=\"application\/ld+json\" class=\"yoast-schema-graph\">{\"@context\":\"https:\/\/schema.org\",\"@graph\":[{\"@type\":\"WebPage\",\"@id\":\"https:\/\/www.shelter-manufacture.com\/produit\/lunette-malo\/\",\"url\":\"https:\/\/www.shelter-manufacture.com\/produit\/lunette-malo\/\",\"name\":\"Malo - Shelter - Lunettes en bois - Cr\u00e9ateur Lunetier\",\"isPartOf\":{\"@id\":\"https:\/\/www.shelter-manufacture.com\/#website\"},\"primaryImageOfPage\":{\"@id\":\"https:\/\/www.shelter-manufacture.com\/produit\/lunette-malo\/#primaryimage\"},\"image\":{\"@id\":\"https:\/\/www.shelter-manufacture.com\/produit\/lunette-malo\/#primaryimage\"},\"thumbnailUrl\":\"https:\/\/www.shelter-manufacture.com\/wp-content\/uploads\/2019\/07\/malo-noir-face.jpg\",\"datePublished\":\"2019-04-23T17:21:22+00:00\",\"dateModified\":\"2023-12-31T23:01:37+00:00\",\"description\":\"D\u00e9couvrez la monture solaire Malo en bois et bio-ac\u00e9tate, made in France. Tr\u00e8s f\u00e9minine, cette monture est l\u00e9g\u00e8re et confortable.\",\"breadcrumb\":{\"@id\":\"https:\/\/www.shelter-manufacture.com\/produit\/lunette-malo\/#breadcrumb\"},\"inLanguage\":\"en-US\",\"potentialAction\":[{\"@type\":\"ReadAction\",\"target\":[\"https:\/\/www.shelter-manufacture.com\/produit\/lunette-malo\/\"]}]},{\"@type\":\"ImageObject\",\"inLanguage\":\"en-US\",\"@id\":\"https:\/\/www.shelter-manufacture.com\/produit\/lunette-malo\/#primaryimage\",\"url\":\"https:\/\/www.shelter-manufacture.com\/wp-content\/uploads\/2019\/07\/malo-noir-face.jpg\",\"contentUrl\":\"https:\/\/www.shelter-manufacture.com\/wp-content\/uploads\/2019\/07\/malo-noir-face.jpg\",\"width\":1440,\"height\":1440},{\"@type\":\"BreadcrumbList\",\"@id\":\"https:\/\/www.shelter-manufacture.com\/produit\/lunette-malo\/#breadcrumb\",\"itemListElement\":[{\"@type\":\"ListItem\",\"position\":1,\"name\":\"Home\",\"item\":\"https:\/\/www.shelter-manufacture.com\/en\/\"},{\"@type\":\"ListItem\",\"position\":2,\"name\":\"Shop\",\"item\":\"https:\/\/www.shelter-manufacture.com\/en\/shop-2\/\"},{\"@type\":\"ListItem\",\"position\":3,\"name\":\"Malo\"}]},{\"@type\":\"WebSite\",\"@id\":\"https:\/\/www.shelter-manufacture.com\/#website\",\"url\":\"https:\/\/www.shelter-manufacture.com\/\",\"name\":\"Shelter - Lunettes en bois - Cr\u00e9ateur Lunetier\",\"description\":\"Lunettes de soleil en bois - Lunettes optique en bois\",\"potentialAction\":[{\"@type\":\"SearchAction\",\"target\":{\"@type\":\"EntryPoint\",\"urlTemplate\":\"https:\/\/www.shelter-manufacture.com\/?s={search_term_string}\"},\"query-input\":{\"@type\":\"PropertyValueSpecification\",\"valueRequired\":true,\"valueName\":\"search_term_string\"}}],\"inLanguage\":\"en-US\"}]}<\/script>\n<!-- \/ Yoast SEO plugin. -->","yoast_head_json":{"title":"Malo - Shelter - Lunettes en bois - Cr\u00e9ateur Lunetier","description":"D\u00e9couvrez la monture solaire Malo en bois et bio-ac\u00e9tate, made in France. Tr\u00e8s f\u00e9minine, cette monture est l\u00e9g\u00e8re et confortable.","robots":{"index":"index","follow":"follow","max-snippet":"max-snippet:-1","max-image-preview":"max-image-preview:large","max-video-preview":"max-video-preview:-1"},"canonical":"https:\/\/www.shelter-manufacture.com\/produit\/lunette-malo\/","og_locale":"en_US","og_type":"article","og_title":"Malo - Shelter - Lunettes en bois - Cr\u00e9ateur Lunetier","og_description":"D\u00e9couvrez la monture solaire Malo en bois et bio-ac\u00e9tate, made in France. Tr\u00e8s f\u00e9minine, cette monture est l\u00e9g\u00e8re et confortable.","og_url":"https:\/\/www.shelter-manufacture.com\/produit\/lunette-malo\/","og_site_name":"Shelter - Lunettes en bois - Cr\u00e9ateur Lunetier","article_modified_time":"2023-12-31T23:01:37+00:00","og_image":[{"width":1440,"height":1440,"url":"https:\/\/www.shelter-manufacture.com\/wp-content\/uploads\/2019\/07\/malo-noir-face.jpg","type":"image\/jpeg"}],"twitter_card":"summary_large_image","twitter_misc":{"Est. reading time":"2 minutes"},"schema":{"@context":"https:\/\/schema.org","@graph":[{"@type":"WebPage","@id":"https:\/\/www.shelter-manufacture.com\/produit\/lunette-malo\/","url":"https:\/\/www.shelter-manufacture.com\/produit\/lunette-malo\/","name":"Malo - Shelter - Lunettes en bois - Cr\u00e9ateur Lunetier","isPartOf":{"@id":"https:\/\/www.shelter-manufacture.com\/#website"},"primaryImageOfPage":{"@id":"https:\/\/www.shelter-manufacture.com\/produit\/lunette-malo\/#primaryimage"},"image":{"@id":"https:\/\/www.shelter-manufacture.com\/produit\/lunette-malo\/#primaryimage"},"thumbnailUrl":"https:\/\/www.shelter-manufacture.com\/wp-content\/uploads\/2019\/07\/malo-noir-face.jpg","datePublished":"2019-04-23T17:21:22+00:00","dateModified":"2023-12-31T23:01:37+00:00","description":"D\u00e9couvrez la monture solaire Malo en bois et bio-ac\u00e9tate, made in France. Tr\u00e8s f\u00e9minine, cette monture est l\u00e9g\u00e8re et confortable.","breadcrumb":{"@id":"https:\/\/www.shelter-manufacture.com\/produit\/lunette-malo\/#breadcrumb"},"inLanguage":"en-US","potentialAction":[{"@type":"ReadAction","target":["https:\/\/www.shelter-manufacture.com\/produit\/lunette-malo\/"]}]},{"@type":"ImageObject","inLanguage":"en-US","@id":"https:\/\/www.shelter-manufacture.com\/produit\/lunette-malo\/#primaryimage","url":"https:\/\/www.shelter-manufacture.com\/wp-content\/uploads\/2019\/07\/malo-noir-face.jpg","contentUrl":"https:\/\/www.shelter-manufacture.com\/wp-content\/uploads\/2019\/07\/malo-noir-face.jpg","width":1440,"height":1440},{"@type":"BreadcrumbList","@id":"https:\/\/www.shelter-manufacture.com\/produit\/lunette-malo\/#breadcrumb","itemListElement":[{"@type":"ListItem","position":1,"name":"Home","item":"https:\/\/www.shelter-manufacture.com\/en\/"},{"@type":"ListItem","position":2,"name":"Shop","item":"https:\/\/www.shelter-manufacture.com\/en\/shop-2\/"},{"@type":"ListItem","position":3,"name":"Malo"}]},{"@type":"WebSite","@id":"https:\/\/www.shelter-manufacture.com\/#website","url":"https:\/\/www.shelter-manufacture.com\/","name":"Shelter - Lunettes en bois - Cr\u00e9ateur Lunetier","description":"Lunettes de soleil en bois - Lunettes optique en bois","potentialAction":[{"@type":"SearchAction","target":{"@type":"EntryPoint","urlTemplate":"https:\/\/www.shelter-manufacture.com\/?s={search_term_string}"},"query-input":{"@type":"PropertyValueSpecification","valueRequired":true,"valueName":"search_term_string"}}],"inLanguage":"en-US"}]}},"_links":{"self":[{"href":"https:\/\/www.shelter-manufacture.com\/en\/wp-json\/wp\/v2\/product\/9194","targetHints":{"allow":["GET"]}}],"collection":[{"href":"https:\/\/www.shelter-manufacture.com\/en\/wp-json\/wp\/v2\/product"}],"about":[{"href":"https:\/\/www.shelter-manufacture.com\/en\/wp-json\/wp\/v2\/types\/product"}],"wp:featuredmedia":[{"embeddable":true,"href":"https:\/\/www.shelter-manufacture.com\/en\/wp-json\/wp\/v2\/media\/10168"}],"wp:attachment":[{"href":"https:\/\/www.shelter-manufacture.com\/en\/wp-json\/wp\/v2\/media?parent=9194"}],"wp:term":[{"taxonomy":"product_brand","embeddable":true,"href":"https:\/\/www.shelter-manufacture.com\/en\/wp-json\/wp\/v2\/product_brand?post=9194"},{"taxonomy":"product_cat","embeddable":true,"href":"https:\/\/www.shelter-manufacture.com\/en\/wp-json\/wp\/v2\/product_cat?post=9194"},{"taxonomy":"product_tag","embeddable":true,"href":"https:\/\/www.shelter-manufacture.com\/en\/wp-json\/wp\/v2\/product_tag?post=9194"}],"curies":[{"name":"wp","href":"https:\/\/api.w.org\/{rel}","templated":true}]}}