{"id":12218,"date":"2021-02-16T11:55:46","date_gmt":"2021-02-16T10:55:46","guid":{"rendered":"https:\/\/www.shelter-manufacture.com\/?post_type=product&#038;p=12218"},"modified":"2025-10-22T10:54:54","modified_gmt":"2025-10-22T09:54:54","slug":"opolis","status":"publish","type":"product","link":"https:\/\/www.shelter-manufacture.com\/produit\/opolis\/","title":{"rendered":"Opolis"},"content":{"rendered":"<div class=\"wpb-content-wrapper\">[vc_row][vc_column max_width_align=&#8221;centered&#8221; max_width=&#8221;680px&#8221;][vc_empty_space height=&#8221;30px&#8221;][\/vc_column][\/vc_row][vc_row equal_height=&#8221;yes&#8221; content_placement=&#8221;middle&#8221;][vc_column width=&#8221;1\/3&#8243; align_content=&#8221;right&#8221; max_width_align_tablet=&#8221;centered&#8221; max_width_align_mobile=&#8221;centered&#8221; max_width_align_small=&#8221;centered&#8221; max_width=&#8221;380px&#8221;][vc_column_text css_animation=&#8221;av5-fadeInLeft-long&#8221;]\n<h3 class=\"av5-horizontal-line-after\" style=\"font-size: 24px; color: #bfa37e; line-height: 1.4;\">Fabrication fran\u00e7aise<\/h3>\n<p>Parce que nous sommes convaincus que le savoir faire lunetier Fran\u00e7ais est un patrimoine unique, gage de qualit\u00e9, toutes nos lunettes de vue et lunettes de soleil en bois sont produites entre Annecy et le Jura.[\/vc_column_text][vc_empty_space height=&#8221;45px&#8221;][vc_column_text css_animation=&#8221;av5-fadeInRight-long&#8221; anim_delay=&#8221;300&#8243;]\n<h3 style=\"font-size: 24px; color: #bfa37e; line-height: 1.4;\">Verres<\/h3>\n<p>Verre solaires haut de gamme Dalloz \u2013 fabriqu\u00e9s en France. Cat.3 \u2013 Filtrant 100% UVA UVB \u2013 avec traitement hydro et ol\u00e9ophobe et anti reflets[\/vc_column_text][\/vc_column][vc_column width=&#8221;1\/3&#8243; align_content=&#8221;center&#8221;][vc_column_text css_animation=&#8221;av5-fadeInUp-long&#8221;]<img loading=\"lazy\" decoding=\"async\" class=\"aligncenter size-full wp-image-12056\" src=\"https:\/\/www.shelter-manufacture.com\/wp-content\/uploads\/2021\/01\/norguet-production-france.png\" alt=\"\" width=\"373\" height=\"557\" \/>[\/vc_column_text][\/vc_column][vc_column width=&#8221;1\/3&#8243; max_width_align=&#8221;right&#8221; max_width_align_tablet=&#8221;centered&#8221; max_width_align_mobile=&#8221;centered&#8221; max_width_align_small=&#8221;centered&#8221; max_width=&#8221;380px&#8221;][vc_column_text css_animation=&#8221;av5-fadeInRight-long&#8221; anim_delay=&#8221;100&#8243;]\n<h3 class=\"av5-horizontal-line-before\" style=\"font-size: 24px; color: #bfa37e; line-height: 1.4;\">Cycle court de production<\/h3>\n<p>Shelter privil\u00e9gie la qualit\u00e9, ainsi qu\u2019une production maitris\u00e9e et raisonn\u00e9e. Maitris\u00e9e : car tous nos artisans op\u00e8rent en circuit court, entre l\u2019Ain et le Jura pour minimiser l\u2019impact \u00e9cologique des transports. Raisonn\u00e9e car nous produisons en flux tendus pour \u00e9viter tout surstock[\/vc_column_text][vc_empty_space height=&#8221;45px&#8221;][vc_column_text css_animation=&#8221;av5-fadeInRight-long&#8221; anim_delay=&#8221;300&#8243;]\n<h3 class=\"av5-horizontal-line-before\" style=\"font-size: 24px; color: #bfa37e; line-height: 1.4;\">Mat\u00e9riaux Utilis\u00e9s<\/h3>\n<p>Toutes les lunettes de la gamme Fusion sont produites \u00e0 partir de mat\u00e9riaux nobles :<\/p>\n<ul>\n<li>Les bois pr\u00e9cieux sont 100% naturels, sans aucun produits de transformation.<\/li>\n<li>Le m\u00e9tal choisi est un acier chirurgical inoxydable haut de gamme r\u00e9sistant et l\u00e9ger.<\/li>\n<\/ul>\n[\/vc_column_text][\/vc_column][\/vc_row]\n<\/div>","protected":false},"excerpt":{"rendered":"<h4 style=\"text-align: left;\"><span style=\"color: #bea17d;\"><strong>300\u20ac<\/strong><\/span><\/h4>\n<p style=\"text-align: left;\"><img loading=\"lazy\" decoding=\"async\" class=\" wp-image-11883 alignnone\" src=\"https:\/\/www.shelter-manufacture.com\/wp-content\/uploads\/2021\/01\/logo-norguet-black-hd-619x208.png\" alt=\"\" width=\"398\" height=\"134\" srcset=\"https:\/\/www.shelter-manufacture.com\/wp-content\/uploads\/2021\/01\/logo-norguet-black-hd-619x208.png 619w, https:\/\/www.shelter-manufacture.com\/wp-content\/uploads\/2021\/01\/logo-norguet-black-hd-768x258.png 768w, https:\/\/www.shelter-manufacture.com\/wp-content\/uploads\/2021\/01\/logo-norguet-black-hd.png 842w\" sizes=\"auto, (max-width: 398px) 100vw, 398px\" \/><\/p>\n<p style=\"text-align: left;\"><a href=\"https:\/\/www.shelter-manufacture.com\/les-collections\/#collection-fusion\"><strong><span style=\"color: #bea17d;\">Collection Fusion by Patrick Norguet <\/span><\/strong><\/a><\/p>\n<p>PRODUCTION LIMIT\u00c9E \u00c0 <span class=\"limited\"><b>250<\/b> PI\u00c8CES<\/span><\/p>\n<div class=\"page\" title=\"Page 11\">\n<div class=\"layoutArea\">\n<div class=\"column\">\n<p>Monumentale, cette monture fait dialoguer les perspectives qui la composent. Son look \u00ab\u00a0cathodique\u00a0\u00bb assur\u00e9ment 70\u2019s et son caract\u00e8re g\u00e9om\u00e9trique en font une lunette r\u00e9solument \u00e0 part.<\/p>\n<p><strong>Taille : 49 \u25a1 24 | 145<\/strong><\/p>\n<\/div>\n<\/div>\n<\/div>\n","protected":false},"featured_media":12118,"template":"","meta":[],"product_brand":[],"product_cat":[105,205],"product_tag":[],"class_list":{"0":"post-12218","1":"product","2":"type-product","3":"status-publish","4":"has-post-thumbnail","6":"product_cat-lunette-de-soleil-en-bois","7":"product_cat-la-collection-rencontre-solaire","9":"first","10":"outofstock","11":"featured","12":"shipping-taxable","13":"purchasable","14":"product-type-variable","15":"has-default-attributes"},"yoast_head":"<!-- This site is optimized with the Yoast SEO plugin v27.1.1 - https:\/\/yoast.com\/product\/yoast-seo-wordpress\/ -->\n<title>Opolis - Shelter - Lunettes en bois - Cr\u00e9ateur Lunetier<\/title>\n<meta name=\"description\" content=\"De cette monture se d\u00e9gage une grande \u00e9pure. La multiplication des d\u00e9tails vient rythmer la l\u00e9g\u00e8ret\u00e9 des formes sobres, et insuffler \u00e0 cette lunette un caract\u00e8re r\u00e9tro-intello.\" \/>\n<meta name=\"robots\" content=\"index, follow, max-snippet:-1, max-image-preview:large, max-video-preview:-1\" \/>\n<link rel=\"canonical\" href=\"https:\/\/www.shelter-manufacture.com\/produit\/opolis\/\" \/>\n<meta property=\"og:locale\" content=\"en_US\" \/>\n<meta property=\"og:type\" content=\"article\" \/>\n<meta property=\"og:title\" content=\"Opolis - Shelter - Lunettes en bois - Cr\u00e9ateur Lunetier\" \/>\n<meta property=\"og:description\" content=\"De cette monture se d\u00e9gage une grande \u00e9pure. La multiplication des d\u00e9tails vient rythmer la l\u00e9g\u00e8ret\u00e9 des formes sobres, et insuffler \u00e0 cette lunette un caract\u00e8re r\u00e9tro-intello.\" \/>\n<meta property=\"og:url\" content=\"https:\/\/www.shelter-manufacture.com\/produit\/opolis\/\" \/>\n<meta property=\"og:site_name\" content=\"Shelter - Lunettes en bois - Cr\u00e9ateur Lunetier\" \/>\n<meta property=\"article:modified_time\" content=\"2025-10-22T09:54:54+00:00\" \/>\n<meta property=\"og:image\" content=\"https:\/\/www.shelter-manufacture.com\/wp-content\/uploads\/2021\/02\/opolis-creme-s-face.jpg\" \/>\n\t<meta property=\"og:image:width\" content=\"1080\" \/>\n\t<meta property=\"og:image:height\" content=\"1080\" \/>\n\t<meta property=\"og:image:type\" content=\"image\/jpeg\" \/>\n<meta name=\"twitter:card\" content=\"summary_large_image\" \/>\n<meta name=\"twitter:label1\" content=\"Est. reading time\" \/>\n\t<meta name=\"twitter:data1\" content=\"2 minutes\" \/>\n<script type=\"application\/ld+json\" class=\"yoast-schema-graph\">{\"@context\":\"https:\/\/schema.org\",\"@graph\":[{\"@type\":\"WebPage\",\"@id\":\"https:\/\/www.shelter-manufacture.com\/produit\/opolis\/\",\"url\":\"https:\/\/www.shelter-manufacture.com\/produit\/opolis\/\",\"name\":\"Opolis - Shelter - Lunettes en bois - Cr\u00e9ateur Lunetier\",\"isPartOf\":{\"@id\":\"https:\/\/www.shelter-manufacture.com\/#website\"},\"primaryImageOfPage\":{\"@id\":\"https:\/\/www.shelter-manufacture.com\/produit\/opolis\/#primaryimage\"},\"image\":{\"@id\":\"https:\/\/www.shelter-manufacture.com\/produit\/opolis\/#primaryimage\"},\"thumbnailUrl\":\"https:\/\/www.shelter-manufacture.com\/wp-content\/uploads\/2021\/02\/opolis-creme-s-face.jpg\",\"datePublished\":\"2021-02-16T10:55:46+00:00\",\"dateModified\":\"2025-10-22T09:54:54+00:00\",\"description\":\"De cette monture se d\u00e9gage une grande \u00e9pure. La multiplication des d\u00e9tails vient rythmer la l\u00e9g\u00e8ret\u00e9 des formes sobres, et insuffler \u00e0 cette lunette un caract\u00e8re r\u00e9tro-intello.\",\"breadcrumb\":{\"@id\":\"https:\/\/www.shelter-manufacture.com\/produit\/opolis\/#breadcrumb\"},\"inLanguage\":\"en-US\",\"potentialAction\":[{\"@type\":\"ReadAction\",\"target\":[\"https:\/\/www.shelter-manufacture.com\/produit\/opolis\/\"]}]},{\"@type\":\"ImageObject\",\"inLanguage\":\"en-US\",\"@id\":\"https:\/\/www.shelter-manufacture.com\/produit\/opolis\/#primaryimage\",\"url\":\"https:\/\/www.shelter-manufacture.com\/wp-content\/uploads\/2021\/02\/opolis-creme-s-face.jpg\",\"contentUrl\":\"https:\/\/www.shelter-manufacture.com\/wp-content\/uploads\/2021\/02\/opolis-creme-s-face.jpg\",\"width\":1080,\"height\":1080},{\"@type\":\"BreadcrumbList\",\"@id\":\"https:\/\/www.shelter-manufacture.com\/produit\/opolis\/#breadcrumb\",\"itemListElement\":[{\"@type\":\"ListItem\",\"position\":1,\"name\":\"Home\",\"item\":\"https:\/\/www.shelter-manufacture.com\/en\/\"},{\"@type\":\"ListItem\",\"position\":2,\"name\":\"Shop\",\"item\":\"https:\/\/www.shelter-manufacture.com\/en\/shop-2\/\"},{\"@type\":\"ListItem\",\"position\":3,\"name\":\"Opolis\"}]},{\"@type\":\"WebSite\",\"@id\":\"https:\/\/www.shelter-manufacture.com\/#website\",\"url\":\"https:\/\/www.shelter-manufacture.com\/\",\"name\":\"Shelter - Lunettes en bois - Cr\u00e9ateur Lunetier\",\"description\":\"Lunettes de soleil en bois - Lunettes optique en bois\",\"potentialAction\":[{\"@type\":\"SearchAction\",\"target\":{\"@type\":\"EntryPoint\",\"urlTemplate\":\"https:\/\/www.shelter-manufacture.com\/?s={search_term_string}\"},\"query-input\":{\"@type\":\"PropertyValueSpecification\",\"valueRequired\":true,\"valueName\":\"search_term_string\"}}],\"inLanguage\":\"en-US\"}]}<\/script>\n<!-- \/ Yoast SEO plugin. -->","yoast_head_json":{"title":"Opolis - Shelter - Lunettes en bois - Cr\u00e9ateur Lunetier","description":"De cette monture se d\u00e9gage une grande \u00e9pure. La multiplication des d\u00e9tails vient rythmer la l\u00e9g\u00e8ret\u00e9 des formes sobres, et insuffler \u00e0 cette lunette un caract\u00e8re r\u00e9tro-intello.","robots":{"index":"index","follow":"follow","max-snippet":"max-snippet:-1","max-image-preview":"max-image-preview:large","max-video-preview":"max-video-preview:-1"},"canonical":"https:\/\/www.shelter-manufacture.com\/produit\/opolis\/","og_locale":"en_US","og_type":"article","og_title":"Opolis - Shelter - Lunettes en bois - Cr\u00e9ateur Lunetier","og_description":"De cette monture se d\u00e9gage une grande \u00e9pure. La multiplication des d\u00e9tails vient rythmer la l\u00e9g\u00e8ret\u00e9 des formes sobres, et insuffler \u00e0 cette lunette un caract\u00e8re r\u00e9tro-intello.","og_url":"https:\/\/www.shelter-manufacture.com\/produit\/opolis\/","og_site_name":"Shelter - Lunettes en bois - Cr\u00e9ateur Lunetier","article_modified_time":"2025-10-22T09:54:54+00:00","og_image":[{"width":1080,"height":1080,"url":"https:\/\/www.shelter-manufacture.com\/wp-content\/uploads\/2021\/02\/opolis-creme-s-face.jpg","type":"image\/jpeg"}],"twitter_card":"summary_large_image","twitter_misc":{"Est. reading time":"2 minutes"},"schema":{"@context":"https:\/\/schema.org","@graph":[{"@type":"WebPage","@id":"https:\/\/www.shelter-manufacture.com\/produit\/opolis\/","url":"https:\/\/www.shelter-manufacture.com\/produit\/opolis\/","name":"Opolis - Shelter - Lunettes en bois - Cr\u00e9ateur Lunetier","isPartOf":{"@id":"https:\/\/www.shelter-manufacture.com\/#website"},"primaryImageOfPage":{"@id":"https:\/\/www.shelter-manufacture.com\/produit\/opolis\/#primaryimage"},"image":{"@id":"https:\/\/www.shelter-manufacture.com\/produit\/opolis\/#primaryimage"},"thumbnailUrl":"https:\/\/www.shelter-manufacture.com\/wp-content\/uploads\/2021\/02\/opolis-creme-s-face.jpg","datePublished":"2021-02-16T10:55:46+00:00","dateModified":"2025-10-22T09:54:54+00:00","description":"De cette monture se d\u00e9gage une grande \u00e9pure. La multiplication des d\u00e9tails vient rythmer la l\u00e9g\u00e8ret\u00e9 des formes sobres, et insuffler \u00e0 cette lunette un caract\u00e8re r\u00e9tro-intello.","breadcrumb":{"@id":"https:\/\/www.shelter-manufacture.com\/produit\/opolis\/#breadcrumb"},"inLanguage":"en-US","potentialAction":[{"@type":"ReadAction","target":["https:\/\/www.shelter-manufacture.com\/produit\/opolis\/"]}]},{"@type":"ImageObject","inLanguage":"en-US","@id":"https:\/\/www.shelter-manufacture.com\/produit\/opolis\/#primaryimage","url":"https:\/\/www.shelter-manufacture.com\/wp-content\/uploads\/2021\/02\/opolis-creme-s-face.jpg","contentUrl":"https:\/\/www.shelter-manufacture.com\/wp-content\/uploads\/2021\/02\/opolis-creme-s-face.jpg","width":1080,"height":1080},{"@type":"BreadcrumbList","@id":"https:\/\/www.shelter-manufacture.com\/produit\/opolis\/#breadcrumb","itemListElement":[{"@type":"ListItem","position":1,"name":"Home","item":"https:\/\/www.shelter-manufacture.com\/en\/"},{"@type":"ListItem","position":2,"name":"Shop","item":"https:\/\/www.shelter-manufacture.com\/en\/shop-2\/"},{"@type":"ListItem","position":3,"name":"Opolis"}]},{"@type":"WebSite","@id":"https:\/\/www.shelter-manufacture.com\/#website","url":"https:\/\/www.shelter-manufacture.com\/","name":"Shelter - Lunettes en bois - Cr\u00e9ateur Lunetier","description":"Lunettes de soleil en bois - Lunettes optique en bois","potentialAction":[{"@type":"SearchAction","target":{"@type":"EntryPoint","urlTemplate":"https:\/\/www.shelter-manufacture.com\/?s={search_term_string}"},"query-input":{"@type":"PropertyValueSpecification","valueRequired":true,"valueName":"search_term_string"}}],"inLanguage":"en-US"}]}},"_links":{"self":[{"href":"https:\/\/www.shelter-manufacture.com\/en\/wp-json\/wp\/v2\/product\/12218","targetHints":{"allow":["GET"]}}],"collection":[{"href":"https:\/\/www.shelter-manufacture.com\/en\/wp-json\/wp\/v2\/product"}],"about":[{"href":"https:\/\/www.shelter-manufacture.com\/en\/wp-json\/wp\/v2\/types\/product"}],"wp:featuredmedia":[{"embeddable":true,"href":"https:\/\/www.shelter-manufacture.com\/en\/wp-json\/wp\/v2\/media\/12118"}],"wp:attachment":[{"href":"https:\/\/www.shelter-manufacture.com\/en\/wp-json\/wp\/v2\/media?parent=12218"}],"wp:term":[{"taxonomy":"product_brand","embeddable":true,"href":"https:\/\/www.shelter-manufacture.com\/en\/wp-json\/wp\/v2\/product_brand?post=12218"},{"taxonomy":"product_cat","embeddable":true,"href":"https:\/\/www.shelter-manufacture.com\/en\/wp-json\/wp\/v2\/product_cat?post=12218"},{"taxonomy":"product_tag","embeddable":true,"href":"https:\/\/www.shelter-manufacture.com\/en\/wp-json\/wp\/v2\/product_tag?post=12218"}],"curies":[{"name":"wp","href":"https:\/\/api.w.org\/{rel}","templated":true}]}}