{"id":12190,"date":"2021-02-16T11:04:05","date_gmt":"2021-02-16T10:04:05","guid":{"rendered":"https:\/\/www.shelter-manufacture.com\/?post_type=product&#038;p=12190"},"modified":"2025-10-22T11:14:25","modified_gmt":"2025-10-22T10:14:25","slug":"austin-optique","status":"publish","type":"product","link":"https:\/\/www.shelter-manufacture.com\/produit\/austin-optique\/","title":{"rendered":"Austin &#8211; Optique"},"content":{"rendered":"<div class=\"wpb-content-wrapper\">[vc_row][vc_column max_width_align=&#8221;centered&#8221; max_width=&#8221;680px&#8221;][vc_empty_space height=&#8221;30px&#8221;][\/vc_column][\/vc_row][vc_row equal_height=&#8221;yes&#8221; content_placement=&#8221;middle&#8221;][vc_column width=&#8221;1\/3&#8243; align_content=&#8221;right&#8221; max_width_align_tablet=&#8221;centered&#8221; max_width_align_mobile=&#8221;centered&#8221; max_width_align_small=&#8221;centered&#8221; max_width=&#8221;380px&#8221;][vc_column_text css_animation=&#8221;av5-fadeInLeft-long&#8221;]\n<h3 class=\"av5-horizontal-line-after\" style=\"font-size: 24px; color: #bfa37e; line-height: 1.4;\">Fabrication fran\u00e7aise<\/h3>\n<p>Parce que nous sommes convaincus que le savoir faire lunetier Fran\u00e7ais est un patrimoine unique, gage de qualit\u00e9, toutes nos lunettes de vue et lunettes de soleil en bois sont produites entre Annecy et le Jura.[\/vc_column_text][\/vc_column][vc_column width=&#8221;1\/3&#8243; align_content=&#8221;center&#8221;][vc_column_text css_animation=&#8221;av5-fadeInUp-long&#8221;]<img loading=\"lazy\" decoding=\"async\" class=\"aligncenter size-full wp-image-12056\" src=\"https:\/\/www.shelter-manufacture.com\/wp-content\/uploads\/2021\/01\/norguet-production-france.png\" alt=\"\" width=\"373\" height=\"557\" \/>[\/vc_column_text][\/vc_column][vc_column width=&#8221;1\/3&#8243; max_width_align=&#8221;right&#8221; max_width_align_tablet=&#8221;centered&#8221; max_width_align_mobile=&#8221;centered&#8221; max_width_align_small=&#8221;centered&#8221; max_width=&#8221;380px&#8221;][vc_column_text css_animation=&#8221;av5-fadeInRight-long&#8221; anim_delay=&#8221;100&#8243;]\n<h3 class=\"av5-horizontal-line-before\" style=\"font-size: 24px; color: #bfa37e; line-height: 1.4;\">Cycle court de production<\/h3>\n<p>Shelter privil\u00e9gie la qualit\u00e9, ainsi qu\u2019une production maitris\u00e9e et raisonn\u00e9e. Maitris\u00e9e : car tous nos artisans op\u00e8rent en circuit court, entre l\u2019Ain et le Jura pour minimiser l\u2019impact \u00e9cologique des transports. Raisonn\u00e9e car nous produisons en flux tendus pour \u00e9viter tout surstock[\/vc_column_text][vc_empty_space height=&#8221;45px&#8221;][vc_column_text css_animation=&#8221;av5-fadeInRight-long&#8221; anim_delay=&#8221;300&#8243;]\n<h3 class=\"av5-horizontal-line-before\" style=\"font-size: 24px; color: #bfa37e; line-height: 1.4;\">Mat\u00e9riaux Utilis\u00e9s<\/h3>\n<p>Toutes les lunettes de la gamme Fusion sont produites \u00e0 partir de mat\u00e9riaux nobles :<\/p>\n<ul>\n<li>Les bois pr\u00e9cieux sont 100% naturels, sans aucun produits de transformation.<\/li>\n<li>Le m\u00e9tal choisi est un acier chirurgical inoxydable haut de gamme r\u00e9sistant et l\u00e9ger.<\/li>\n<\/ul>\n[\/vc_column_text][\/vc_column][\/vc_row]\n<\/div>","protected":false},"excerpt":{"rendered":"<p style=\"text-align: left;\"><img loading=\"lazy\" decoding=\"async\" class=\" wp-image-11883 alignnone\" src=\"https:\/\/www.shelter-manufacture.com\/wp-content\/uploads\/2021\/01\/logo-norguet-black-hd-619x208.png\" alt=\"\" width=\"398\" height=\"134\" srcset=\"https:\/\/www.shelter-manufacture.com\/wp-content\/uploads\/2021\/01\/logo-norguet-black-hd-619x208.png 619w, https:\/\/www.shelter-manufacture.com\/wp-content\/uploads\/2021\/01\/logo-norguet-black-hd-768x258.png 768w, https:\/\/www.shelter-manufacture.com\/wp-content\/uploads\/2021\/01\/logo-norguet-black-hd.png 842w\" sizes=\"auto, (max-width: 398px) 100vw, 398px\" \/><\/p>\n<p style=\"text-align: left;\"><a href=\"https:\/\/www.shelter-manufacture.com\/les-collections\/#collection-fusion\"><strong><span style=\"color: #bea17d;\">Collection Fusion by Patrick Norguet <\/span><\/strong><\/a><\/p>\n<p>PRODUCTION LIMIT\u00c9E \u00c0 <span class=\"limited\"><b>250<\/b> PI\u00c8CES<\/span><\/p>\n<div class=\"page\" title=\"Page 11\">\n<div class=\"layoutArea\">\n<div class=\"column\">\n<p>Seventies, et pourtant si contemporaine, cette monture fascine par l\u2019\u00e9l\u00e9gance pointue et la sophistication qu\u2019elle d\u00e9gage. La fusion du m\u00e9tal et du bio-ac\u00e9tate, et les jeux de d\u2019assemblages complexes lui conf\u00e8rent un indescriptible \u00ab\u00a0je ne sais quoi\u00a0\u00bb\u00a0 pour un look aussi r\u00e9tro que futuriste<\/p>\n<p><strong>Taille : 54 \u25a1 19 | 145<\/strong><\/p>\n<\/div>\n<\/div>\n<\/div>\n","protected":false},"featured_media":12102,"template":"","meta":[],"product_brand":[],"product_cat":[104,190],"product_tag":[],"class_list":{"0":"post-12190","1":"product","2":"type-product","3":"status-publish","4":"has-post-thumbnail","6":"product_cat-optique","7":"product_cat-la-collection-rencontre-optique","9":"first","10":"instock","11":"featured","12":"shipping-taxable","13":"product-type-variable"},"yoast_head":"<!-- This site is optimized with the Yoast SEO plugin v27.1.1 - https:\/\/yoast.com\/product\/yoast-seo-wordpress\/ -->\n<title>Austin - Optique - Shelter - Lunettes en bois - Cr\u00e9ateur Lunetier<\/title>\n<meta name=\"description\" content=\"Seventies, et pourtant si contemporaine, cette monture fascine par l\u2019\u00e9l\u00e9gance pointue et la sophistication qu\u2019elle d\u00e9gage. La fusion du m\u00e9tal et de l\u2019ac\u00e9tate, et les jeux de d\u2019assemblages complexes lui conf\u00e8rent un indescriptible \u00ab\u00a0je ne sais quoi\u00a0\u00bb pour un look aussi r\u00e9tro que futuriste\" \/>\n<meta name=\"robots\" content=\"index, follow, max-snippet:-1, max-image-preview:large, max-video-preview:-1\" \/>\n<link rel=\"canonical\" href=\"https:\/\/www.shelter-manufacture.com\/produit\/austin-optique\/\" \/>\n<meta property=\"og:locale\" content=\"en_US\" \/>\n<meta property=\"og:type\" content=\"article\" \/>\n<meta property=\"og:title\" content=\"Austin - Optique - Shelter - Lunettes en bois - Cr\u00e9ateur Lunetier\" \/>\n<meta property=\"og:description\" content=\"Seventies, et pourtant si contemporaine, cette monture fascine par l\u2019\u00e9l\u00e9gance pointue et la sophistication qu\u2019elle d\u00e9gage. La fusion du m\u00e9tal et de l\u2019ac\u00e9tate, et les jeux de d\u2019assemblages complexes lui conf\u00e8rent un indescriptible \u00ab\u00a0je ne sais quoi\u00a0\u00bb pour un look aussi r\u00e9tro que futuriste\" \/>\n<meta property=\"og:url\" content=\"https:\/\/www.shelter-manufacture.com\/produit\/austin-optique\/\" \/>\n<meta property=\"og:site_name\" content=\"Shelter - Lunettes en bois - Cr\u00e9ateur Lunetier\" \/>\n<meta property=\"article:modified_time\" content=\"2025-10-22T10:14:25+00:00\" \/>\n<meta property=\"og:image\" content=\"https:\/\/www.shelter-manufacture.com\/wp-content\/uploads\/2021\/02\/austin-vert-o-face.jpg\" \/>\n\t<meta property=\"og:image:width\" content=\"1080\" \/>\n\t<meta property=\"og:image:height\" content=\"1080\" \/>\n\t<meta property=\"og:image:type\" content=\"image\/jpeg\" \/>\n<meta name=\"twitter:card\" content=\"summary_large_image\" \/>\n<meta name=\"twitter:label1\" content=\"Est. reading time\" \/>\n\t<meta name=\"twitter:data1\" content=\"2 minutes\" \/>\n<script type=\"application\/ld+json\" class=\"yoast-schema-graph\">{\"@context\":\"https:\/\/schema.org\",\"@graph\":[{\"@type\":\"WebPage\",\"@id\":\"https:\/\/www.shelter-manufacture.com\/produit\/austin-optique\/\",\"url\":\"https:\/\/www.shelter-manufacture.com\/produit\/austin-optique\/\",\"name\":\"Austin - Optique - Shelter - Lunettes en bois - Cr\u00e9ateur Lunetier\",\"isPartOf\":{\"@id\":\"https:\/\/www.shelter-manufacture.com\/#website\"},\"primaryImageOfPage\":{\"@id\":\"https:\/\/www.shelter-manufacture.com\/produit\/austin-optique\/#primaryimage\"},\"image\":{\"@id\":\"https:\/\/www.shelter-manufacture.com\/produit\/austin-optique\/#primaryimage\"},\"thumbnailUrl\":\"https:\/\/www.shelter-manufacture.com\/wp-content\/uploads\/2021\/02\/austin-vert-o-face.jpg\",\"datePublished\":\"2021-02-16T10:04:05+00:00\",\"dateModified\":\"2025-10-22T10:14:25+00:00\",\"description\":\"Seventies, et pourtant si contemporaine, cette monture fascine par l\u2019\u00e9l\u00e9gance pointue et la sophistication qu\u2019elle d\u00e9gage. La fusion du m\u00e9tal et de l\u2019ac\u00e9tate, et les jeux de d\u2019assemblages complexes lui conf\u00e8rent un indescriptible \u00ab\u00a0je ne sais quoi\u00a0\u00bb pour un look aussi r\u00e9tro que futuriste\",\"breadcrumb\":{\"@id\":\"https:\/\/www.shelter-manufacture.com\/produit\/austin-optique\/#breadcrumb\"},\"inLanguage\":\"en-US\",\"potentialAction\":[{\"@type\":\"ReadAction\",\"target\":[\"https:\/\/www.shelter-manufacture.com\/produit\/austin-optique\/\"]}]},{\"@type\":\"ImageObject\",\"inLanguage\":\"en-US\",\"@id\":\"https:\/\/www.shelter-manufacture.com\/produit\/austin-optique\/#primaryimage\",\"url\":\"https:\/\/www.shelter-manufacture.com\/wp-content\/uploads\/2021\/02\/austin-vert-o-face.jpg\",\"contentUrl\":\"https:\/\/www.shelter-manufacture.com\/wp-content\/uploads\/2021\/02\/austin-vert-o-face.jpg\",\"width\":1080,\"height\":1080},{\"@type\":\"BreadcrumbList\",\"@id\":\"https:\/\/www.shelter-manufacture.com\/produit\/austin-optique\/#breadcrumb\",\"itemListElement\":[{\"@type\":\"ListItem\",\"position\":1,\"name\":\"Home\",\"item\":\"https:\/\/www.shelter-manufacture.com\/en\/\"},{\"@type\":\"ListItem\",\"position\":2,\"name\":\"Shop\",\"item\":\"https:\/\/www.shelter-manufacture.com\/en\/shop-2\/\"},{\"@type\":\"ListItem\",\"position\":3,\"name\":\"Austin &#8211; Optique\"}]},{\"@type\":\"WebSite\",\"@id\":\"https:\/\/www.shelter-manufacture.com\/#website\",\"url\":\"https:\/\/www.shelter-manufacture.com\/\",\"name\":\"Shelter - Lunettes en bois - Cr\u00e9ateur Lunetier\",\"description\":\"Lunettes de soleil en bois - Lunettes optique en bois\",\"potentialAction\":[{\"@type\":\"SearchAction\",\"target\":{\"@type\":\"EntryPoint\",\"urlTemplate\":\"https:\/\/www.shelter-manufacture.com\/?s={search_term_string}\"},\"query-input\":{\"@type\":\"PropertyValueSpecification\",\"valueRequired\":true,\"valueName\":\"search_term_string\"}}],\"inLanguage\":\"en-US\"}]}<\/script>\n<!-- \/ Yoast SEO plugin. -->","yoast_head_json":{"title":"Austin - Optique - Shelter - Lunettes en bois - Cr\u00e9ateur Lunetier","description":"Seventies, et pourtant si contemporaine, cette monture fascine par l\u2019\u00e9l\u00e9gance pointue et la sophistication qu\u2019elle d\u00e9gage. La fusion du m\u00e9tal et de l\u2019ac\u00e9tate, et les jeux de d\u2019assemblages complexes lui conf\u00e8rent un indescriptible \u00ab\u00a0je ne sais quoi\u00a0\u00bb pour un look aussi r\u00e9tro que futuriste","robots":{"index":"index","follow":"follow","max-snippet":"max-snippet:-1","max-image-preview":"max-image-preview:large","max-video-preview":"max-video-preview:-1"},"canonical":"https:\/\/www.shelter-manufacture.com\/produit\/austin-optique\/","og_locale":"en_US","og_type":"article","og_title":"Austin - Optique - Shelter - Lunettes en bois - Cr\u00e9ateur Lunetier","og_description":"Seventies, et pourtant si contemporaine, cette monture fascine par l\u2019\u00e9l\u00e9gance pointue et la sophistication qu\u2019elle d\u00e9gage. La fusion du m\u00e9tal et de l\u2019ac\u00e9tate, et les jeux de d\u2019assemblages complexes lui conf\u00e8rent un indescriptible \u00ab\u00a0je ne sais quoi\u00a0\u00bb pour un look aussi r\u00e9tro que futuriste","og_url":"https:\/\/www.shelter-manufacture.com\/produit\/austin-optique\/","og_site_name":"Shelter - Lunettes en bois - Cr\u00e9ateur Lunetier","article_modified_time":"2025-10-22T10:14:25+00:00","og_image":[{"width":1080,"height":1080,"url":"https:\/\/www.shelter-manufacture.com\/wp-content\/uploads\/2021\/02\/austin-vert-o-face.jpg","type":"image\/jpeg"}],"twitter_card":"summary_large_image","twitter_misc":{"Est. reading time":"2 minutes"},"schema":{"@context":"https:\/\/schema.org","@graph":[{"@type":"WebPage","@id":"https:\/\/www.shelter-manufacture.com\/produit\/austin-optique\/","url":"https:\/\/www.shelter-manufacture.com\/produit\/austin-optique\/","name":"Austin - Optique - Shelter - Lunettes en bois - Cr\u00e9ateur Lunetier","isPartOf":{"@id":"https:\/\/www.shelter-manufacture.com\/#website"},"primaryImageOfPage":{"@id":"https:\/\/www.shelter-manufacture.com\/produit\/austin-optique\/#primaryimage"},"image":{"@id":"https:\/\/www.shelter-manufacture.com\/produit\/austin-optique\/#primaryimage"},"thumbnailUrl":"https:\/\/www.shelter-manufacture.com\/wp-content\/uploads\/2021\/02\/austin-vert-o-face.jpg","datePublished":"2021-02-16T10:04:05+00:00","dateModified":"2025-10-22T10:14:25+00:00","description":"Seventies, et pourtant si contemporaine, cette monture fascine par l\u2019\u00e9l\u00e9gance pointue et la sophistication qu\u2019elle d\u00e9gage. La fusion du m\u00e9tal et de l\u2019ac\u00e9tate, et les jeux de d\u2019assemblages complexes lui conf\u00e8rent un indescriptible \u00ab\u00a0je ne sais quoi\u00a0\u00bb pour un look aussi r\u00e9tro que futuriste","breadcrumb":{"@id":"https:\/\/www.shelter-manufacture.com\/produit\/austin-optique\/#breadcrumb"},"inLanguage":"en-US","potentialAction":[{"@type":"ReadAction","target":["https:\/\/www.shelter-manufacture.com\/produit\/austin-optique\/"]}]},{"@type":"ImageObject","inLanguage":"en-US","@id":"https:\/\/www.shelter-manufacture.com\/produit\/austin-optique\/#primaryimage","url":"https:\/\/www.shelter-manufacture.com\/wp-content\/uploads\/2021\/02\/austin-vert-o-face.jpg","contentUrl":"https:\/\/www.shelter-manufacture.com\/wp-content\/uploads\/2021\/02\/austin-vert-o-face.jpg","width":1080,"height":1080},{"@type":"BreadcrumbList","@id":"https:\/\/www.shelter-manufacture.com\/produit\/austin-optique\/#breadcrumb","itemListElement":[{"@type":"ListItem","position":1,"name":"Home","item":"https:\/\/www.shelter-manufacture.com\/en\/"},{"@type":"ListItem","position":2,"name":"Shop","item":"https:\/\/www.shelter-manufacture.com\/en\/shop-2\/"},{"@type":"ListItem","position":3,"name":"Austin &#8211; Optique"}]},{"@type":"WebSite","@id":"https:\/\/www.shelter-manufacture.com\/#website","url":"https:\/\/www.shelter-manufacture.com\/","name":"Shelter - Lunettes en bois - Cr\u00e9ateur Lunetier","description":"Lunettes de soleil en bois - Lunettes optique en bois","potentialAction":[{"@type":"SearchAction","target":{"@type":"EntryPoint","urlTemplate":"https:\/\/www.shelter-manufacture.com\/?s={search_term_string}"},"query-input":{"@type":"PropertyValueSpecification","valueRequired":true,"valueName":"search_term_string"}}],"inLanguage":"en-US"}]}},"_links":{"self":[{"href":"https:\/\/www.shelter-manufacture.com\/en\/wp-json\/wp\/v2\/product\/12190","targetHints":{"allow":["GET"]}}],"collection":[{"href":"https:\/\/www.shelter-manufacture.com\/en\/wp-json\/wp\/v2\/product"}],"about":[{"href":"https:\/\/www.shelter-manufacture.com\/en\/wp-json\/wp\/v2\/types\/product"}],"wp:featuredmedia":[{"embeddable":true,"href":"https:\/\/www.shelter-manufacture.com\/en\/wp-json\/wp\/v2\/media\/12102"}],"wp:attachment":[{"href":"https:\/\/www.shelter-manufacture.com\/en\/wp-json\/wp\/v2\/media?parent=12190"}],"wp:term":[{"taxonomy":"product_brand","embeddable":true,"href":"https:\/\/www.shelter-manufacture.com\/en\/wp-json\/wp\/v2\/product_brand?post=12190"},{"taxonomy":"product_cat","embeddable":true,"href":"https:\/\/www.shelter-manufacture.com\/en\/wp-json\/wp\/v2\/product_cat?post=12190"},{"taxonomy":"product_tag","embeddable":true,"href":"https:\/\/www.shelter-manufacture.com\/en\/wp-json\/wp\/v2\/product_tag?post=12190"}],"curies":[{"name":"wp","href":"https:\/\/api.w.org\/{rel}","templated":true}]}}