{"id":928339,"date":"2018-05-16T01:53:54","date_gmt":"2018-05-16T00:53:54","guid":{"rendered":"https:\/\/www.shelter-manufacture.com\/faq-shelter\/"},"modified":"2026-03-25T11:06:22","modified_gmt":"2026-03-25T10:06:22","slug":"faq-shelter","status":"publish","type":"page","link":"https:\/\/www.shelter-manufacture.com\/en\/faq-shelter\/","title":{"rendered":"FAQ"},"content":{"rendered":"<div class=\"wpb-content-wrapper\">[vc_row full_width=&#8221;stretch_row&#8221; css=&#8221;.vc_custom_1526491424194{background-color: #f7f7f7 !important;}&#8221;][vc_column max_width_align=&#8221;centered&#8221; max_width_align_tablet=&#8221;centered&#8221; max_width_align_mobile=&#8221;centered&#8221; max_width_align_small=&#8221;centered&#8221; max_width=&#8221;960px&#8221;][vc_empty_space height=&#8221;160px&#8221;][vc_column_text css=&#8221;&#8221;]\n<h1 style=\"text-align: center;\">The FAQ Shelter<\/h1>\n[\/vc_column_text][vc_tta_tabs alignment=&#8221;center&#8221; active_section=&#8221;1&#8243; style=&#8221;flat&#8221; shape=&#8221;square&#8221; color=&#8221;white&#8221; no_fill_content_area=&#8221;true&#8221; el_class=&#8221;av5-tab-underlined&#8221;][vc_tta_section title=&#8221;FREQUENTLY ASKED QUESTIONS&#8221; tab_id=&#8221;questions-frequentes&#8221;][vc_empty_space height=&#8221;90px&#8221;][vc_column_text css=&#8221;&#8221;]\n<h3 style=\"text-align: left;\">Product<\/h3>\n[\/vc_column_text][vc_toggle title=&#8221;Where can I buy Shelter glasses?&#8221; css=&#8221;&#8221;]Our prescription glasses are available exclusively through our partner opticians. Our sunglasses are available both on the website and through our partner opticians. You can find the list of these opticians here : <a href=\"https:\/\/www.shelter-manufacture.com\/en\/nos-revendeurs\/\">REVENDEURS<\/a>[\/vc_toggle][vc_toggle title=&#8221;Do you offer prescription glasses?&#8221; css=&#8221;&#8221;]Yes, we offer both prescription glasses and sunglasses. Our prescription glasses are sold exclusively through our partner opticians (find the nearest optician here: <a href=\"https:\/\/www.shelter-manufacture.com\/en\/nos-revendeurs\/\">REVENDEURS<\/a>). They are not available for purchase on the website because they require precise fitting by an optician.<br \/>\nHowever, our sunglasses are available on the website, as well as through our partner opticians or concept stores.[\/vc_toggle][vc_toggle title=&#8221;Is it possible to fit prescription lenses into sunglasses and vice versa ?&#8221; css=&#8221;&#8221;]Prescription lenses can be fitted into Shelter frames. This procedure must be carried out by an official Shelter retailer to maintain the product warranty.[\/vc_toggle][vc_toggle title=&#8221;If the frame I\u2019m looking for is unavailable, what can I do?&#8221; css=&#8221;&#8221;]If the frame you are looking for is not available on our website, you can contact our partner opticians(find the list of these opticians at the following link : <a href=\"https:\/\/www.shelter-manufacture.com\/en\/nos-revendeurs\/\">REVENDEURS<\/a>). If the opticians also do not have the frame, do not hesitate to contact us at <a class=\"decorated-link cursor-pointer\" rel=\"noopener\" data-start=\"251\" data-end=\"280\">hello@shelter-manufacture.com<\/a>. We will be happy to respond as soon as possible to inform you of the restock date.[\/vc_toggle][vc_toggle title=&#8221;Can wooden glasses go in water?&#8221; css=&#8221;&#8221;]All our frames are made of 100% wood and they float (which is handy if they fall in the water!). However, since wood is a living material, it is not recommended to get it wet. In case of an accidental dip, rinse your frame with clean water and dry it with a clean cloth.[\/vc_toggle][vc_empty_space height=&#8221;70px&#8221;][vc_column_text css=&#8221;&#8221;]\n<h3 style=\"text-align: left;\">Warranty<\/h3>\n[\/vc_column_text][vc_toggle title=&#8221;I broke my glasses. What should I do?&#8221; css=&#8221;&#8221;]You have 2 options:<br \/>\nBring your glasses to your optician, who will contact us.<br \/>\nContact us directly at <a class=\"decorated-link cursor-pointer\" rel=\"noopener\" data-start=\"114\" data-end=\"143\">hello@shelter-manufacture.com<\/a>, specifying the issue and attaching a photo.<br \/>\nIf the frame is repairable, we will provide you with a quote for the service.[\/vc_toggle][vc_toggle title=&#8221;My frame or my lenses have a defect, what should I do?&#8221; css=&#8221;&#8221;]Send us an email at <a class=\"decorated-link cursor-pointer\" rel=\"noopener\" data-start=\"20\" data-end=\"49\">hello@shelter-manufacture.com<\/a> and don\u2019t forget to attach a photo of the product, specifying the issue. We will immediately replace your lenses and\/or frame (depending on availability), with shipping costs covered.[\/vc_toggle][vc_toggle title=&#8221;What warranty do you offer when I buy my glasses on the website ?&#8221; css=&#8221;&#8221;]The warranty on our products lasts for one year from the date of purchase and applies only to manufacturing defects. Any warranty claim must be accompanied by proof of purchase of your Shelter glasses. Shelter reserves the right to determine whether the damage to the frame is due to a manufacturing defect. If a manufacturing defect is confirmed, Shelter will repair or replace the frame. Otherwise, if the frame is not considered defective, any repair or replacement of parts will be charged to the customer.[\/vc_toggle][vc_empty_space height=&#8221;70px&#8221;][vc_column_text css=&#8221;&#8221;]\n<h3 style=\"text-align: left;\">Lenses<\/h3>\n[\/vc_column_text][vc_toggle title=&#8221;Which sunglasses lenses do you use? Are my eyes well protected?&#8221; css=&#8221;&#8221;]Yes, absolutely. Lens selection is a criterion we take very seriously. We use high-end lenses with category 3 UV protection from the French manufacturer Dalloz, whose standards exceed international norms. They are made in France and ISO 9001 certified.<br \/>\nHere\u2019s a brief explanation of the differences in protection offered by lenses according to their category.<br \/>\nCategory 0: very lightly tinted lenses, mainly used for aesthetic purposes and not for UV protection.<\/p>\n<p>Category 1: lightly tinted lenses, used when sunlight is low.<br \/>\nCategory 2: moderately tinted lenses, used when brightness is reduced but still uncomfortable for the eyes.<br \/>\nCategory 3: dark lenses, used when brightness is strong and provides good protection for the eyes.<br \/>\nCategory 4: very dark lenses, used in extremely bright conditions (e.g., mountaineering). This type of protection is not recommended for driving.[\/vc_toggle][\/vc_tta_section][vc_tta_section title=&#8221;ENTRETIEN&#8221; tab_id=&#8221;ENTRETIEN&#8221;][vc_empty_space height=&#8221;90px&#8221;][vc_column_text]\n<h3 style=\"text-align: left;\">Entretien<\/h3>\n[\/vc_column_text][vc_toggle title=&#8221;Comment puis-je entretenir mes lunettes en bois ?&#8221;]La teinte du bois peut \u00e9voluer au fil des utilisations, car il se patine. Ceci ne r\u00e9v\u00e8le pas un d\u00e9faut de fabrication mais un vieillissement normal du mat\u00e9riau. Pour redonner de l\u2019\u00e9clat \u00e0 votre monture, impr\u00e9gnez une goutte sur un chiffon propre de l\u2019huile Shelter Wonder Finish qui est en vente sur le site internet et frottez doucement votre monture avec. Laissez s\u00e9cher pendant 1 heure. C&#8217;est pr\u00eat! Attention, ne pas faire plus de 2 fois par an. (A noter : la mauvaise utilisation d\u2019un produit de finition sur la monture ne constitue pas un motif de garantie.)<br \/>\nLes verres peuvent \u00eatre nettoy\u00e9s \u00e0 l\u2019aide d\u2019une lingette microfibre et d\u2019un nettoyant sp\u00e9cial pour les verres de lunettes.[\/vc_toggle][vc_toggle title=&#8221;Les lunettes Shelter en bois sont-elles fragiles ?&#8221;]Le bois est une mati\u00e8re naturelle plus fragile que l&#8217;ac\u00e9tate ou le m\u00e9tal. Cependant, notre technologie de bois exclusive brevet\u00e9e permet d\u2019accroitre de mani\u00e8re significative la r\u00e9sistance aux torsions, par rapport \u00e0 des lunettes en bois classiques. Nos montures r\u00e9sistent donc mieux \u00e0 la vie! Cependant, voici quelques pr\u00e9cautions d\u2019utilisation afin d\u2019assurer une bonne dur\u00e9e de vie \u00e0 vos lunettes\u00a0:<br \/>\n&#8211; Eviter les impacts avec des objets durs<br \/>\n&#8211; Ne pas utiliser comme lunettes de protection industrielle<br \/>\n&#8211; Eviter de laisser les lunettes dans des milieux soumis \u00e0 des changements de temp\u00e9rature importants (ex\u00a0: voiture)<br \/>\n&#8211; Eviter de laisser les lunettes stagnantes en milieu trop froid, trop chaud ou trop humide<br \/>\n&#8211; Conserver les lunettes dans leur \u00e9tui lorsqu\u2019elles ne sont pas utilis\u00e9es[\/vc_toggle][vc_toggle title=&#8221;Je souhaite re-r\u00e9gler mes lunettes, comment faire?&#8221;]Nous vous conseillons de vous tourner vers un de nos opticien partenaire, qui d\u00e9tient le savoir faire pour r\u00e9gler vos monture \u00e0 votre mesure. Retrouvez la liste de ces opticiens sur le lien suivant : <a href=\"https:\/\/www.shelter-manufacture.com\/en\/nos-revendeurs\/\">NOS REVENDEURS<\/a>[\/vc_toggle][\/vc_tta_section][vc_tta_section title=&#8221;COMMANDE EN LIGNE&#8221; tab_id=&#8221;COMMANDE-EN-LIGNE&#8221;][vc_empty_space height=&#8221;90px&#8221;][vc_column_text]\n<h3 style=\"text-align: left;\">Livraison<\/h3>\n[\/vc_column_text][vc_toggle title=&#8221;Dans quel pays livrez-vous ?&#8221;]Nous livrons dans le monde entier. La livraison est:<br \/>\nGratuite en France M\u00e9tropolitaine<br \/>\nFactur\u00e9e 18\u20ac pour l\u2019Union Europ\u00e9enne<br \/>\nFactur\u00e9e Etats 25\u20ac pour les USA<br \/>\nFactur\u00e9e 35\u20ac pour le reste du monde[\/vc_toggle][vc_toggle title=&#8221;Quels sont les d\u00e9lais de livraisons?&#8221;]En France, nous assurons une livraison en moins de 72h. (Si la monture est en stock)<br \/>\nDans le reste du monde, les d\u00e9lais de livraison peuvent aller jusqu\u2019\u00e0 1 semaine.<br \/>\nNos colis sont exp\u00e9di\u00e9s par Colissimo en France et \u00e0 l\u2019international pour tous nos clients particuliers. Vous pouvez suivre l\u2019acheminement de votre colis gr\u00e2ce au num\u00e9ro de suivi fourni par La Poste. Ce num\u00e9ro Colissimo vous sera transmis par e-mail une fois le colis pris en charge par leurs services.[\/vc_toggle][vc_toggle title=&#8221;Les frais de transports sont-ils offerts?&#8221;]Oui, mais uniquement pour France M\u00e9tropolitaine.[\/vc_toggle][vc_toggle title=&#8221;Les frais de retours sont ils offerts?&#8221;]Oui, il suffit d\u2019envoyer un mail \u00e0 <a href=\"mailto:hello@shelter-manufacture.com\">hello@shelter-manufacture.com<\/a> et nous vous diront comment proc\u00e9der.[\/vc_toggle][vc_empty_space height=&#8221;70px&#8221;][vc_column_text]\n<h3 style=\"text-align: left;\">Retours et remboursement<\/h3>\n[\/vc_column_text][vc_toggle title=&#8221;Je souhaite \u00e9changer mes lunettes :&#8221;]Vous avez 14 jours pour changer d\u2019avis, \u00e0 compter de la r\u00e9ception de votre commande. Pour toute demande d\u2019\u00e9change, il suffit d\u2019envoyer un mail \u00e0 <a href=\"mailto:hello@shelter-manufacture.com\">hello@shelter-manufacture.com<\/a> et nous vous diront comment proc\u00e9der.<br \/>\nUne fois votre \u00e9change valid\u00e9 par notre \u00e9quipe, vous pourrez renvoyer les produits \u00e0 l\u2019adresse suivante\u00a0:<br \/>\nSHELTER SAS \u2013 10, impasse de la futaie \u2013 ZA d\u2019Al\u00e9ry \u2013 74960 Cran-Gevrier.<br \/>\nLes frais de retour sont \u00e0 notre charge.[\/vc_toggle][vc_toggle title=&#8221;Je souhaite me faire rembourser. Quelles sont les conditions et que dois-je faire ?&#8221;]Vous avez 14 jours pour changer d\u2019avis, \u00e0 compter de la r\u00e9ception de votre commande. Pour toute demande de retour, il suffit d\u2019envoyer un mail \u00e0 hello@shelter-manufacture.com et nous vous diront comment proc\u00e9der. Une fois votre \u00e9change valid\u00e9 par notre \u00e9quipe, vous pourrez renvoyer les produits \u00e0 l\u2019adresse suivante\u00a0: SHELTER SAS \u2013 10, impasse de la futaie \u2013 ZA d\u2019Al\u00e9ry \u2013 74960 Cran-Gevrier.<br \/>\nLes frais de retour sont \u00e0 notre charge.<br \/>\nLe remboursement sera effectu\u00e9 dans les 14 jours suivant la r\u00e9ception de vos articles et automatiquement sur le compte associ\u00e9 \u00e0 la carte bancaire utilis\u00e9e lors du paiement ou sur le compte Paypal ayant servi au paiement. Dans le cas d&#8217;un paiement par ch\u00e8que ou virement, nous vous contacterons pour d\u00e9finir le moyen de remboursement.[\/vc_toggle][vc_empty_space height=&#8221;70px&#8221;][vc_column_text]\n<h3 style=\"text-align: left;\">Paiement<\/h3>\n[\/vc_column_text][vc_toggle title=&#8221;Le paiement en ligne est-il s\u00e9curis\u00e9 ?&#8221;]La protection de vos donn\u00e9es est une priorit\u00e9 pour nous. Nous travaillons donc avec la plateforme de paiement s\u00e9curis\u00e9e de la banque Kolb.[\/vc_toggle][\/vc_tta_section][\/vc_tta_tabs][\/vc_column][\/vc_row][vc_row full_width=&#8221;stretch_row&#8221; css=&#8221;.vc_custom_1526491766781{background-color: #f7f7f7 !important;}&#8221;][vc_column][vc_empty_space height=&#8221;90px&#8221;][vc_column_text]<img loading=\"lazy\" decoding=\"async\" class=\"aligncenter size-full wp-image-11503\" src=\"https:\/\/www.shelter-manufacture.com\/wp-content\/uploads\/2020\/05\/EXPERTISE-LUNETIERE-shelter.png\" alt=\"\" width=\"135\" height=\"131\" \/>[\/vc_column_text][vc_column_text css=&#8221;&#8221;]\n<h4 class=\"faq-contact-legend\" style=\"text-align: center;\">You didn\u2019t find your answer?<\/h4>\n[\/vc_column_text][vc_btn title=&#8221;WRITE US&#8221; shape=&#8221;square&#8221; color=&#8221;chino&#8221; align=&#8221;center&#8221; css=&#8221;&#8221; link=&#8221;url:https%3A%2F%2Fwww.shelter-manufacture.com%2Fcontact-shelter&#8221;][\/vc_column][\/vc_row]\n<\/div>","protected":false},"excerpt":{"rendered":"<p>[vc_row full_width=&#8221;stretch_row&#8221; css=&#8221;.vc_custom_1526491424194{background-color: #f7f7f7 !important;}&#8221;][vc_column max_width_align=&#8221;centered&#8221; max_width_align_tablet=&#8221;centered&#8221; max_width_align_mobile=&#8221;centered&#8221; max_width_align_small=&#8221;centered&#8221; max_width=&#8221;960px&#8221;][vc_empty_space height=&#8221;160px&#8221;][vc_column_text css=&#8221;&#8221;] The FAQ Shelter [\/vc_column_text][vc_tta_tabs alignment=&#8221;center&#8221; active_section=&#8221;1&#8243; style=&#8221;flat&#8221; shape=&#8221;square&#8221; color=&#8221;white&#8221; no_fill_content_area=&#8221;true&#8221; el_class=&#8221;av5-tab-underlined&#8221;][vc_tta_section title=&#8221;FREQUENTLY ASKED QUESTIONS&#8221; tab_id=&#8221;questions-frequentes&#8221;][vc_empty_space height=&#8221;90px&#8221;][vc_column_text css=&#8221;&#8221;] Product [\/vc_column_text][vc_toggle title=&#8221;Where can I buy Shelter glasses?&#8221; css=&#8221;&#8221;]Our prescription glasses are available exclusively through our partner opticians. Our sunglasses are [&hellip;]<\/p>\n","protected":false},"author":1,"featured_media":0,"parent":0,"menu_order":0,"comment_status":"closed","ping_status":"closed","template":"","meta":{"footnotes":""},"class_list":["post-928339","page","type-page","status-publish","hentry"],"yoast_head":"<!-- This site is optimized with the Yoast SEO plugin v27.1.1 - https:\/\/yoast.com\/product\/yoast-seo-wordpress\/ -->\n<title>FAQ - Shelter - Lunettes en bois - Cr\u00e9ateur Lunetier<\/title>\n<meta name=\"robots\" content=\"index, follow, max-snippet:-1, max-image-preview:large, max-video-preview:-1\" \/>\n<link rel=\"canonical\" href=\"https:\/\/www.shelter-manufacture.com\/en\/faq-shelter\/\" \/>\n<meta property=\"og:locale\" content=\"en_US\" \/>\n<meta property=\"og:type\" content=\"article\" \/>\n<meta property=\"og:title\" content=\"FAQ - Shelter - Lunettes en bois - Cr\u00e9ateur Lunetier\" \/>\n<meta property=\"og:description\" content=\"[vc_row full_width=&#8221;stretch_row&#8221; css=&#8221;.vc_custom_1526491424194{background-color: #f7f7f7 !important;}&#8221;][vc_column max_width_align=&#8221;centered&#8221; max_width_align_tablet=&#8221;centered&#8221; max_width_align_mobile=&#8221;centered&#8221; max_width_align_small=&#8221;centered&#8221; max_width=&#8221;960px&#8221;][vc_empty_space height=&#8221;160px&#8221;][vc_column_text css=&#8221;&#8221;] The FAQ Shelter [\/vc_column_text][vc_tta_tabs alignment=&#8221;center&#8221; active_section=&#8221;1&#8243; style=&#8221;flat&#8221; shape=&#8221;square&#8221; color=&#8221;white&#8221; no_fill_content_area=&#8221;true&#8221; el_class=&#8221;av5-tab-underlined&#8221;][vc_tta_section title=&#8221;FREQUENTLY ASKED QUESTIONS&#8221; tab_id=&#8221;questions-frequentes&#8221;][vc_empty_space height=&#8221;90px&#8221;][vc_column_text css=&#8221;&#8221;] Product [\/vc_column_text][vc_toggle title=&#8221;Where can I buy Shelter glasses?&#8221; css=&#8221;&#8221;]Our prescription glasses are available exclusively through our partner opticians. Our sunglasses are [&hellip;]\" \/>\n<meta property=\"og:url\" content=\"https:\/\/www.shelter-manufacture.com\/en\/faq-shelter\/\" \/>\n<meta property=\"og:site_name\" content=\"Shelter - Lunettes en bois - Cr\u00e9ateur Lunetier\" \/>\n<meta property=\"article:modified_time\" content=\"2026-03-25T10:06:22+00:00\" \/>\n<meta property=\"og:image\" content=\"https:\/\/www.shelter-manufacture.com\/wp-content\/uploads\/2020\/05\/EXPERTISE-LUNETIERE-shelter.png\" \/>\n\t<meta property=\"og:image:width\" content=\"135\" \/>\n\t<meta property=\"og:image:height\" content=\"131\" \/>\n\t<meta property=\"og:image:type\" content=\"image\/png\" \/>\n<meta name=\"twitter:card\" content=\"summary_large_image\" \/>\n<meta name=\"twitter:label1\" content=\"Est. reading time\" \/>\n\t<meta name=\"twitter:data1\" content=\"8 minutes\" \/>\n<script type=\"application\/ld+json\" class=\"yoast-schema-graph\">{\"@context\":\"https:\/\/schema.org\",\"@graph\":[{\"@type\":\"WebPage\",\"@id\":\"https:\/\/www.shelter-manufacture.com\/en\/faq-shelter\/\",\"url\":\"https:\/\/www.shelter-manufacture.com\/en\/faq-shelter\/\",\"name\":\"FAQ - Shelter - Lunettes en bois - Cr\u00e9ateur Lunetier\",\"isPartOf\":{\"@id\":\"https:\/\/www.shelter-manufacture.com\/#website\"},\"primaryImageOfPage\":{\"@id\":\"https:\/\/www.shelter-manufacture.com\/en\/faq-shelter\/#primaryimage\"},\"image\":{\"@id\":\"https:\/\/www.shelter-manufacture.com\/en\/faq-shelter\/#primaryimage\"},\"thumbnailUrl\":\"https:\/\/www.shelter-manufacture.com\/wp-content\/uploads\/2020\/05\/EXPERTISE-LUNETIERE-shelter.png\",\"datePublished\":\"2018-05-16T00:53:54+00:00\",\"dateModified\":\"2026-03-25T10:06:22+00:00\",\"breadcrumb\":{\"@id\":\"https:\/\/www.shelter-manufacture.com\/en\/faq-shelter\/#breadcrumb\"},\"inLanguage\":\"en-US\",\"potentialAction\":[{\"@type\":\"ReadAction\",\"target\":[\"https:\/\/www.shelter-manufacture.com\/en\/faq-shelter\/\"]}]},{\"@type\":\"ImageObject\",\"inLanguage\":\"en-US\",\"@id\":\"https:\/\/www.shelter-manufacture.com\/en\/faq-shelter\/#primaryimage\",\"url\":\"https:\/\/www.shelter-manufacture.com\/wp-content\/uploads\/2020\/05\/EXPERTISE-LUNETIERE-shelter.png\",\"contentUrl\":\"https:\/\/www.shelter-manufacture.com\/wp-content\/uploads\/2020\/05\/EXPERTISE-LUNETIERE-shelter.png\"},{\"@type\":\"BreadcrumbList\",\"@id\":\"https:\/\/www.shelter-manufacture.com\/en\/faq-shelter\/#breadcrumb\",\"itemListElement\":[{\"@type\":\"ListItem\",\"position\":1,\"name\":\"Home\",\"item\":\"https:\/\/www.shelter-manufacture.com\/en\/\"},{\"@type\":\"ListItem\",\"position\":2,\"name\":\"FAQ\"}]},{\"@type\":\"WebSite\",\"@id\":\"https:\/\/www.shelter-manufacture.com\/#website\",\"url\":\"https:\/\/www.shelter-manufacture.com\/\",\"name\":\"Shelter - Lunettes en bois - Cr\u00e9ateur Lunetier\",\"description\":\"Lunettes de soleil en bois - Lunettes optique en bois\",\"potentialAction\":[{\"@type\":\"SearchAction\",\"target\":{\"@type\":\"EntryPoint\",\"urlTemplate\":\"https:\/\/www.shelter-manufacture.com\/?s={search_term_string}\"},\"query-input\":{\"@type\":\"PropertyValueSpecification\",\"valueRequired\":true,\"valueName\":\"search_term_string\"}}],\"inLanguage\":\"en-US\"}]}<\/script>\n<!-- \/ Yoast SEO plugin. -->","yoast_head_json":{"title":"FAQ - Shelter - Lunettes en bois - Cr\u00e9ateur Lunetier","robots":{"index":"index","follow":"follow","max-snippet":"max-snippet:-1","max-image-preview":"max-image-preview:large","max-video-preview":"max-video-preview:-1"},"canonical":"https:\/\/www.shelter-manufacture.com\/en\/faq-shelter\/","og_locale":"en_US","og_type":"article","og_title":"FAQ - Shelter - Lunettes en bois - Cr\u00e9ateur Lunetier","og_description":"[vc_row full_width=&#8221;stretch_row&#8221; css=&#8221;.vc_custom_1526491424194{background-color: #f7f7f7 !important;}&#8221;][vc_column max_width_align=&#8221;centered&#8221; max_width_align_tablet=&#8221;centered&#8221; max_width_align_mobile=&#8221;centered&#8221; max_width_align_small=&#8221;centered&#8221; max_width=&#8221;960px&#8221;][vc_empty_space height=&#8221;160px&#8221;][vc_column_text css=&#8221;&#8221;] The FAQ Shelter [\/vc_column_text][vc_tta_tabs alignment=&#8221;center&#8221; active_section=&#8221;1&#8243; style=&#8221;flat&#8221; shape=&#8221;square&#8221; color=&#8221;white&#8221; no_fill_content_area=&#8221;true&#8221; el_class=&#8221;av5-tab-underlined&#8221;][vc_tta_section title=&#8221;FREQUENTLY ASKED QUESTIONS&#8221; tab_id=&#8221;questions-frequentes&#8221;][vc_empty_space height=&#8221;90px&#8221;][vc_column_text css=&#8221;&#8221;] Product [\/vc_column_text][vc_toggle title=&#8221;Where can I buy Shelter glasses?&#8221; css=&#8221;&#8221;]Our prescription glasses are available exclusively through our partner opticians. Our sunglasses are [&hellip;]","og_url":"https:\/\/www.shelter-manufacture.com\/en\/faq-shelter\/","og_site_name":"Shelter - Lunettes en bois - Cr\u00e9ateur Lunetier","article_modified_time":"2026-03-25T10:06:22+00:00","og_image":[{"width":135,"height":131,"url":"https:\/\/www.shelter-manufacture.com\/wp-content\/uploads\/2020\/05\/EXPERTISE-LUNETIERE-shelter.png","type":"image\/png"}],"twitter_card":"summary_large_image","twitter_misc":{"Est. reading time":"8 minutes"},"schema":{"@context":"https:\/\/schema.org","@graph":[{"@type":"WebPage","@id":"https:\/\/www.shelter-manufacture.com\/en\/faq-shelter\/","url":"https:\/\/www.shelter-manufacture.com\/en\/faq-shelter\/","name":"FAQ - Shelter - Lunettes en bois - Cr\u00e9ateur Lunetier","isPartOf":{"@id":"https:\/\/www.shelter-manufacture.com\/#website"},"primaryImageOfPage":{"@id":"https:\/\/www.shelter-manufacture.com\/en\/faq-shelter\/#primaryimage"},"image":{"@id":"https:\/\/www.shelter-manufacture.com\/en\/faq-shelter\/#primaryimage"},"thumbnailUrl":"https:\/\/www.shelter-manufacture.com\/wp-content\/uploads\/2020\/05\/EXPERTISE-LUNETIERE-shelter.png","datePublished":"2018-05-16T00:53:54+00:00","dateModified":"2026-03-25T10:06:22+00:00","breadcrumb":{"@id":"https:\/\/www.shelter-manufacture.com\/en\/faq-shelter\/#breadcrumb"},"inLanguage":"en-US","potentialAction":[{"@type":"ReadAction","target":["https:\/\/www.shelter-manufacture.com\/en\/faq-shelter\/"]}]},{"@type":"ImageObject","inLanguage":"en-US","@id":"https:\/\/www.shelter-manufacture.com\/en\/faq-shelter\/#primaryimage","url":"https:\/\/www.shelter-manufacture.com\/wp-content\/uploads\/2020\/05\/EXPERTISE-LUNETIERE-shelter.png","contentUrl":"https:\/\/www.shelter-manufacture.com\/wp-content\/uploads\/2020\/05\/EXPERTISE-LUNETIERE-shelter.png"},{"@type":"BreadcrumbList","@id":"https:\/\/www.shelter-manufacture.com\/en\/faq-shelter\/#breadcrumb","itemListElement":[{"@type":"ListItem","position":1,"name":"Home","item":"https:\/\/www.shelter-manufacture.com\/en\/"},{"@type":"ListItem","position":2,"name":"FAQ"}]},{"@type":"WebSite","@id":"https:\/\/www.shelter-manufacture.com\/#website","url":"https:\/\/www.shelter-manufacture.com\/","name":"Shelter - Lunettes en bois - Cr\u00e9ateur Lunetier","description":"Lunettes de soleil en bois - Lunettes optique en bois","potentialAction":[{"@type":"SearchAction","target":{"@type":"EntryPoint","urlTemplate":"https:\/\/www.shelter-manufacture.com\/?s={search_term_string}"},"query-input":{"@type":"PropertyValueSpecification","valueRequired":true,"valueName":"search_term_string"}}],"inLanguage":"en-US"}]}},"_links":{"self":[{"href":"https:\/\/www.shelter-manufacture.com\/en\/wp-json\/wp\/v2\/pages\/928339","targetHints":{"allow":["GET"]}}],"collection":[{"href":"https:\/\/www.shelter-manufacture.com\/en\/wp-json\/wp\/v2\/pages"}],"about":[{"href":"https:\/\/www.shelter-manufacture.com\/en\/wp-json\/wp\/v2\/types\/page"}],"author":[{"embeddable":true,"href":"https:\/\/www.shelter-manufacture.com\/en\/wp-json\/wp\/v2\/users\/1"}],"replies":[{"embeddable":true,"href":"https:\/\/www.shelter-manufacture.com\/en\/wp-json\/wp\/v2\/comments?post=928339"}],"version-history":[{"count":2,"href":"https:\/\/www.shelter-manufacture.com\/en\/wp-json\/wp\/v2\/pages\/928339\/revisions"}],"predecessor-version":[{"id":928341,"href":"https:\/\/www.shelter-manufacture.com\/en\/wp-json\/wp\/v2\/pages\/928339\/revisions\/928341"}],"wp:attachment":[{"href":"https:\/\/www.shelter-manufacture.com\/en\/wp-json\/wp\/v2\/media?parent=928339"}],"curies":[{"name":"wp","href":"https:\/\/api.w.org\/{rel}","templated":true}]}}