{"id":927412,"date":"2019-04-16T17:58:07","date_gmt":"2019-04-16T16:58:07","guid":{"rendered":"https:\/\/www.shelter-manufacture.com\/histoire-shelter\/"},"modified":"2026-03-11T13:12:36","modified_gmt":"2026-03-11T12:12:36","slug":"histoire-shelter","status":"publish","type":"page","link":"https:\/\/www.shelter-manufacture.com\/en\/histoire-shelter\/","title":{"rendered":"History"},"content":{"rendered":"<div class=\"wpb-content-wrapper\">[vc_row et_full_width=&#8221;true&#8221; et_row_padding=&#8221;true&#8221; css=&#8221;.vc_custom_1579745131496{padding-top: 80px !important;padding-bottom: 40px !important;background-color: #f2f2f2 !important;}&#8221;][vc_column][vc_row_inner et_column_align=&#8221;align-center&#8221; equal_height=&#8221;yes&#8221; el_class=&#8221;align-center&#8221;][vc_column_inner animation=&#8221;animation bottom-to-top&#8221; offset=&#8221;vc_col-lg-5&#8243;][vc_column_text css=&#8221;&#8221;]\n<h5 class=\"fancy-title\" style=\"text-align: center\">Est. 2019<\/h5>\n<h2 style=\"text-align: center\">Our Story<\/h2>\n[\/vc_column_text][\/vc_column_inner][\/vc_row_inner][vc_row_inner et_column_align=&#8221;align-center&#8221; equal_height=&#8221;yes&#8221; el_class=&#8221;align-center&#8221;][vc_column_inner animation=&#8221;animation bottom-to-top&#8221; offset=&#8221;vc_col-lg-4&#8243;][vc_column_text css=&#8221;&#8221;]Shelter was born from the meeting of two exceptional worlds on one side, Florent, A visionary graphic designer, and on the other, Beno\u00eet, a master craftsman, heading a luxury woodworking atelier known for working with the finest French maisons.<\/p>\n<p>Their paths crossed during a project for a prestigious brand, a collaboration that would mark the beginning of a unique journey.<\/p>\n<p>From this encounter, a shared ambition emerged: to reinvent the art of eyewear by embracing noble materials and a sustainable approach.[\/vc_column_text][\/vc_column_inner][vc_column_inner animation=&#8221;animation bottom-to-top&#8221; offset=&#8221;vc_col-lg-4&#8243;][vc_column_text css=&#8221;&#8221;]Shelter, the product of their expertise, is far more than just an eyewear brand. Each frame, meticulously crafted in France, reflects unparalleled artisanal know-how. Wood, the essence of the brand, is combined with bio-acetate to create timeless designs, where every detail is carefully considered.<\/p>\n<p>With Shelter, Florent and Beno\u00eet commit to merging aesthetics, innovation, and sustainability, offering creations that stand at the intersection of luxury and ethics.<\/p>\n<p>These frames, crafted by French artisans, embody the perfect blend of tradition and modernity, elegance and responsibility.[\/vc_column_text][\/vc_column_inner][\/vc_row_inner][\/vc_column][\/vc_row][vc_row et_full_width=&#8221;true&#8221; et_row_padding=&#8221;true&#8221; css=&#8221;.vc_custom_1579745009383{padding-top: 40px !important;padding-bottom: 40px !important;}&#8221;][vc_column width=&#8221;1\/4&#8243;][\/vc_column][vc_column width=&#8221;1\/4&#8243;][vc_single_image image=&#8221;926520&#8243; img_size=&#8221;500&#215;750&#8243; alignment=&#8221;center&#8221; css=&#8221;&#8221;][\/vc_column][vc_column width=&#8221;1\/4&#8243;][vc_single_image image=&#8221;926521&#8243; img_size=&#8221;500&#215;750&#8243; alignment=&#8221;center&#8221; css=&#8221;&#8221;][\/vc_column][vc_column width=&#8221;1\/4&#8243;][\/vc_column][\/vc_row]\n<\/div>","protected":false},"excerpt":{"rendered":"<p>[vc_row et_full_width=&#8221;true&#8221; et_row_padding=&#8221;true&#8221; css=&#8221;.vc_custom_1579745131496{padding-top: 80px !important;padding-bottom: 40px !important;background-color: #f2f2f2 !important;}&#8221;][vc_column][vc_row_inner et_column_align=&#8221;align-center&#8221; equal_height=&#8221;yes&#8221; el_class=&#8221;align-center&#8221;][vc_column_inner animation=&#8221;animation bottom-to-top&#8221; offset=&#8221;vc_col-lg-5&#8243;][vc_column_text css=&#8221;&#8221;] Est. 2019 Our Story [\/vc_column_text][\/vc_column_inner][\/vc_row_inner][vc_row_inner et_column_align=&#8221;align-center&#8221; equal_height=&#8221;yes&#8221; el_class=&#8221;align-center&#8221;][vc_column_inner animation=&#8221;animation bottom-to-top&#8221; offset=&#8221;vc_col-lg-4&#8243;][vc_column_text css=&#8221;&#8221;]Shelter was born from the meeting of two exceptional worlds on one side, Florent, A visionary graphic designer, and on the other, [&hellip;]<\/p>\n","protected":false},"author":1,"featured_media":0,"parent":0,"menu_order":0,"comment_status":"closed","ping_status":"closed","template":"","meta":{"footnotes":""},"class_list":["post-927412","page","type-page","status-publish","hentry"],"yoast_head":"<!-- This site is optimized with the Yoast SEO plugin v27.1.1 - https:\/\/yoast.com\/product\/yoast-seo-wordpress\/ -->\n<title>SHELTER - L&#039;histoire et l&#039;engagement de la marque<\/title>\n<meta name=\"description\" content=\"A l&#039;origine de Shelter, Cr\u00e9ateur Lunetier, un pari fou : celui de cr\u00e9er des lunettes en bois \u00e9l\u00e9gantes et rac\u00e9es 100% made in France. D\u00e9couvrer toute l&#039;histoire de la marque et de son engagement\" \/>\n<meta name=\"robots\" content=\"index, follow, max-snippet:-1, max-image-preview:large, max-video-preview:-1\" \/>\n<link rel=\"canonical\" href=\"https:\/\/www.shelter-manufacture.com\/en\/histoire-shelter\/\" \/>\n<meta property=\"og:locale\" content=\"en_US\" \/>\n<meta property=\"og:type\" content=\"article\" \/>\n<meta property=\"og:title\" content=\"SHELTER - L&#039;histoire et l&#039;engagement de la marque\" \/>\n<meta property=\"og:description\" content=\"A l&#039;origine de Shelter, Cr\u00e9ateur Lunetier, un pari fou : celui de cr\u00e9er des lunettes en bois \u00e9l\u00e9gantes et rac\u00e9es 100% made in France. D\u00e9couvrer toute l&#039;histoire de la marque et de son engagement\" \/>\n<meta property=\"og:url\" content=\"https:\/\/www.shelter-manufacture.com\/en\/histoire-shelter\/\" \/>\n<meta property=\"og:site_name\" content=\"Shelter - Lunettes en bois - Cr\u00e9ateur Lunetier\" \/>\n<meta property=\"article:modified_time\" content=\"2026-03-11T12:12:36+00:00\" \/>\n<meta name=\"twitter:card\" content=\"summary_large_image\" \/>\n<meta name=\"twitter:label1\" content=\"Est. reading time\" \/>\n\t<meta name=\"twitter:data1\" content=\"2 minutes\" \/>\n<script type=\"application\/ld+json\" class=\"yoast-schema-graph\">{\"@context\":\"https:\/\/schema.org\",\"@graph\":[{\"@type\":\"WebPage\",\"@id\":\"https:\/\/www.shelter-manufacture.com\/en\/histoire-shelter\/\",\"url\":\"https:\/\/www.shelter-manufacture.com\/en\/histoire-shelter\/\",\"name\":\"SHELTER - L'histoire et l'engagement de la marque\",\"isPartOf\":{\"@id\":\"https:\/\/www.shelter-manufacture.com\/#website\"},\"datePublished\":\"2019-04-16T16:58:07+00:00\",\"dateModified\":\"2026-03-11T12:12:36+00:00\",\"description\":\"A l'origine de Shelter, Cr\u00e9ateur Lunetier, un pari fou : celui de cr\u00e9er des lunettes en bois \u00e9l\u00e9gantes et rac\u00e9es 100% made in France. D\u00e9couvrer toute l'histoire de la marque et de son engagement\",\"breadcrumb\":{\"@id\":\"https:\/\/www.shelter-manufacture.com\/en\/histoire-shelter\/#breadcrumb\"},\"inLanguage\":\"en-US\",\"potentialAction\":[{\"@type\":\"ReadAction\",\"target\":[\"https:\/\/www.shelter-manufacture.com\/en\/histoire-shelter\/\"]}]},{\"@type\":\"BreadcrumbList\",\"@id\":\"https:\/\/www.shelter-manufacture.com\/en\/histoire-shelter\/#breadcrumb\",\"itemListElement\":[{\"@type\":\"ListItem\",\"position\":1,\"name\":\"Home\",\"item\":\"https:\/\/www.shelter-manufacture.com\/en\/\"},{\"@type\":\"ListItem\",\"position\":2,\"name\":\"History\"}]},{\"@type\":\"WebSite\",\"@id\":\"https:\/\/www.shelter-manufacture.com\/#website\",\"url\":\"https:\/\/www.shelter-manufacture.com\/\",\"name\":\"Shelter - Lunettes en bois - Cr\u00e9ateur Lunetier\",\"description\":\"Lunettes de soleil en bois - Lunettes optique en bois\",\"potentialAction\":[{\"@type\":\"SearchAction\",\"target\":{\"@type\":\"EntryPoint\",\"urlTemplate\":\"https:\/\/www.shelter-manufacture.com\/?s={search_term_string}\"},\"query-input\":{\"@type\":\"PropertyValueSpecification\",\"valueRequired\":true,\"valueName\":\"search_term_string\"}}],\"inLanguage\":\"en-US\"}]}<\/script>\n<!-- \/ Yoast SEO plugin. -->","yoast_head_json":{"title":"SHELTER - L'histoire et l'engagement de la marque","description":"A l'origine de Shelter, Cr\u00e9ateur Lunetier, un pari fou : celui de cr\u00e9er des lunettes en bois \u00e9l\u00e9gantes et rac\u00e9es 100% made in France. D\u00e9couvrer toute l'histoire de la marque et de son engagement","robots":{"index":"index","follow":"follow","max-snippet":"max-snippet:-1","max-image-preview":"max-image-preview:large","max-video-preview":"max-video-preview:-1"},"canonical":"https:\/\/www.shelter-manufacture.com\/en\/histoire-shelter\/","og_locale":"en_US","og_type":"article","og_title":"SHELTER - L'histoire et l'engagement de la marque","og_description":"A l'origine de Shelter, Cr\u00e9ateur Lunetier, un pari fou : celui de cr\u00e9er des lunettes en bois \u00e9l\u00e9gantes et rac\u00e9es 100% made in France. D\u00e9couvrer toute l'histoire de la marque et de son engagement","og_url":"https:\/\/www.shelter-manufacture.com\/en\/histoire-shelter\/","og_site_name":"Shelter - Lunettes en bois - Cr\u00e9ateur Lunetier","article_modified_time":"2026-03-11T12:12:36+00:00","twitter_card":"summary_large_image","twitter_misc":{"Est. reading time":"2 minutes"},"schema":{"@context":"https:\/\/schema.org","@graph":[{"@type":"WebPage","@id":"https:\/\/www.shelter-manufacture.com\/en\/histoire-shelter\/","url":"https:\/\/www.shelter-manufacture.com\/en\/histoire-shelter\/","name":"SHELTER - L'histoire et l'engagement de la marque","isPartOf":{"@id":"https:\/\/www.shelter-manufacture.com\/#website"},"datePublished":"2019-04-16T16:58:07+00:00","dateModified":"2026-03-11T12:12:36+00:00","description":"A l'origine de Shelter, Cr\u00e9ateur Lunetier, un pari fou : celui de cr\u00e9er des lunettes en bois \u00e9l\u00e9gantes et rac\u00e9es 100% made in France. D\u00e9couvrer toute l'histoire de la marque et de son engagement","breadcrumb":{"@id":"https:\/\/www.shelter-manufacture.com\/en\/histoire-shelter\/#breadcrumb"},"inLanguage":"en-US","potentialAction":[{"@type":"ReadAction","target":["https:\/\/www.shelter-manufacture.com\/en\/histoire-shelter\/"]}]},{"@type":"BreadcrumbList","@id":"https:\/\/www.shelter-manufacture.com\/en\/histoire-shelter\/#breadcrumb","itemListElement":[{"@type":"ListItem","position":1,"name":"Home","item":"https:\/\/www.shelter-manufacture.com\/en\/"},{"@type":"ListItem","position":2,"name":"History"}]},{"@type":"WebSite","@id":"https:\/\/www.shelter-manufacture.com\/#website","url":"https:\/\/www.shelter-manufacture.com\/","name":"Shelter - Lunettes en bois - Cr\u00e9ateur Lunetier","description":"Lunettes de soleil en bois - Lunettes optique en bois","potentialAction":[{"@type":"SearchAction","target":{"@type":"EntryPoint","urlTemplate":"https:\/\/www.shelter-manufacture.com\/?s={search_term_string}"},"query-input":{"@type":"PropertyValueSpecification","valueRequired":true,"valueName":"search_term_string"}}],"inLanguage":"en-US"}]}},"_links":{"self":[{"href":"https:\/\/www.shelter-manufacture.com\/en\/wp-json\/wp\/v2\/pages\/927412","targetHints":{"allow":["GET"]}}],"collection":[{"href":"https:\/\/www.shelter-manufacture.com\/en\/wp-json\/wp\/v2\/pages"}],"about":[{"href":"https:\/\/www.shelter-manufacture.com\/en\/wp-json\/wp\/v2\/types\/page"}],"author":[{"embeddable":true,"href":"https:\/\/www.shelter-manufacture.com\/en\/wp-json\/wp\/v2\/users\/1"}],"replies":[{"embeddable":true,"href":"https:\/\/www.shelter-manufacture.com\/en\/wp-json\/wp\/v2\/comments?post=927412"}],"version-history":[{"count":6,"href":"https:\/\/www.shelter-manufacture.com\/en\/wp-json\/wp\/v2\/pages\/927412\/revisions"}],"predecessor-version":[{"id":927433,"href":"https:\/\/www.shelter-manufacture.com\/en\/wp-json\/wp\/v2\/pages\/927412\/revisions\/927433"}],"wp:attachment":[{"href":"https:\/\/www.shelter-manufacture.com\/en\/wp-json\/wp\/v2\/media?parent=927412"}],"curies":[{"name":"wp","href":"https:\/\/api.w.org\/{rel}","templated":true}]}}